{"id":5169,"date":"2020-10-19T14:16:24","date_gmt":"2020-10-19T12:16:24","guid":{"rendered":"https:\/\/stormheliworks.se\/?post_type=product&#038;p=5169"},"modified":"2020-10-22T18:34:17","modified_gmt":"2020-10-22T16:34:17","slug":"vikmugg","status":"publish","type":"product","link":"https:\/\/stormheliworks.se\/en\/product\/vikmugg\/","title":{"rendered":"Vikmugg"},"content":{"rendered":"<p>Fold-a-cup &#8211; Orginalet<\/p>\n<p>Svart vikbar mugg med STORM Heliworks logotyp. Tag med denna i din packning under friluftsturen eller i arbetsv\u00e4skan, s\u00e5 har du alltid n\u00e5got att dricka ur. Passar lika bra till varma som kalla drycker. Bara att vika ihop n\u00e4r den inte anv\u00e4nds, och den blir liten nog att ha i fickan!<\/p>\n<p>Tillverkad av livsmedelsgodk\u00e4nd och best\u00e4ndig plast. OBS! Maskindiskas ej.<\/p>","protected":false},"excerpt":{"rendered":"<p>Fold-a-cup &#8211; Orginalet<\/p>\n<p>Vikbar mugg, perfekt att ha i ryggs\u00e4cken f\u00f6r friluftsturen!<\/p>","protected":false},"featured_media":5170,"template":"","meta":{"_acf_changed":false},"product_brand":[],"product_cat":[60],"product_tag":[],"class_list":{"0":"post-5169","1":"product","2":"type-product","3":"status-publish","4":"has-post-thumbnail","6":"product_cat-muggar-och-flaskor","8":"first","9":"instock","10":"taxable","11":"shipping-taxable","12":"purchasable","13":"product-type-simple"},"acf":[],"yoast_head":"<!-- This site is optimized with the Yoast SEO plugin v27.4 - https:\/\/yoast.com\/product\/yoast-seo-wordpress\/ -->\n<title>Vikmugg - Storm Heliworks AB<\/title>\n<meta name=\"description\" content=\"Fold-a-cup - Orginalet! Vikbar mugg, perfekt att ha i ryggs\u00e4cken f\u00f6r friluftsturen.\" \/>\n<meta name=\"robots\" content=\"index, follow, max-snippet:-1, max-image-preview:large, max-video-preview:-1\" \/>\n<link rel=\"canonical\" href=\"https:\/\/stormheliworks.se\/en\/product\/vikmugg\/\" \/>\n<meta property=\"og:locale\" content=\"en_GB\" \/>\n<meta property=\"og:type\" content=\"article\" \/>\n<meta property=\"og:title\" content=\"Vikmugg - Storm Heliworks AB\" \/>\n<meta property=\"og:description\" content=\"Fold-a-cup - Orginalet! Vikbar mugg, perfekt att ha i ryggs\u00e4cken f\u00f6r friluftsturen.\" \/>\n<meta property=\"og:url\" content=\"https:\/\/stormheliworks.se\/en\/product\/vikmugg\/\" \/>\n<meta property=\"og:site_name\" content=\"Storm Heliworks AB\" \/>\n<meta property=\"article:modified_time\" content=\"2020-10-22T16:34:17+00:00\" \/>\n<meta property=\"og:image\" content=\"https:\/\/stormheliworks.se\/wp-content\/uploads\/2020\/10\/Foldacup-scaled.jpg\" \/>\n\t<meta property=\"og:image:width\" content=\"2560\" \/>\n\t<meta property=\"og:image:height\" content=\"1920\" \/>\n\t<meta property=\"og:image:type\" content=\"image\/jpeg\" \/>\n<meta name=\"twitter:card\" content=\"summary_large_image\" \/>\n<script type=\"application\/ld+json\" class=\"yoast-schema-graph\">{\"@context\":\"https:\\\/\\\/schema.org\",\"@graph\":[{\"@type\":\"WebPage\",\"@id\":\"https:\\\/\\\/stormheliworks.se\\\/produkt\\\/vikmugg\\\/\",\"url\":\"https:\\\/\\\/stormheliworks.se\\\/produkt\\\/vikmugg\\\/\",\"name\":\"Vikmugg - Storm Heliworks AB\",\"isPartOf\":{\"@id\":\"https:\\\/\\\/stormheliworks.se\\\/#website\"},\"primaryImageOfPage\":{\"@id\":\"https:\\\/\\\/stormheliworks.se\\\/produkt\\\/vikmugg\\\/#primaryimage\"},\"image\":{\"@id\":\"https:\\\/\\\/stormheliworks.se\\\/produkt\\\/vikmugg\\\/#primaryimage\"},\"thumbnailUrl\":\"https:\\\/\\\/i0.wp.com\\\/stormheliworks.se\\\/wp-content\\\/uploads\\\/2020\\\/10\\\/Foldacup-scaled.jpg?fit=2560%2C1920&ssl=1\",\"datePublished\":\"2020-10-19T12:16:24+00:00\",\"dateModified\":\"2020-10-22T16:34:17+00:00\",\"description\":\"Fold-a-cup - Orginalet! Vikbar mugg, perfekt att ha i ryggs\u00e4cken f\u00f6r friluftsturen.\",\"breadcrumb\":{\"@id\":\"https:\\\/\\\/stormheliworks.se\\\/produkt\\\/vikmugg\\\/#breadcrumb\"},\"inLanguage\":\"en-GB\",\"potentialAction\":[{\"@type\":\"ReadAction\",\"target\":[\"https:\\\/\\\/stormheliworks.se\\\/produkt\\\/vikmugg\\\/\"]}]},{\"@type\":\"ImageObject\",\"inLanguage\":\"en-GB\",\"@id\":\"https:\\\/\\\/stormheliworks.se\\\/produkt\\\/vikmugg\\\/#primaryimage\",\"url\":\"https:\\\/\\\/i0.wp.com\\\/stormheliworks.se\\\/wp-content\\\/uploads\\\/2020\\\/10\\\/Foldacup-scaled.jpg?fit=2560%2C1920&ssl=1\",\"contentUrl\":\"https:\\\/\\\/i0.wp.com\\\/stormheliworks.se\\\/wp-content\\\/uploads\\\/2020\\\/10\\\/Foldacup-scaled.jpg?fit=2560%2C1920&ssl=1\",\"width\":2560,\"height\":1920},{\"@type\":\"BreadcrumbList\",\"@id\":\"https:\\\/\\\/stormheliworks.se\\\/produkt\\\/vikmugg\\\/#breadcrumb\",\"itemListElement\":[{\"@type\":\"ListItem\",\"position\":1,\"name\":\"Hem\",\"item\":\"https:\\\/\\\/stormheliworks.se\\\/\"},{\"@type\":\"ListItem\",\"position\":2,\"name\":\"Produkter\",\"item\":\"https:\\\/\\\/stormheliworks.se\\\/shop\\\/\"},{\"@type\":\"ListItem\",\"position\":3,\"name\":\"Vikmugg\"}]},{\"@type\":\"WebSite\",\"@id\":\"https:\\\/\\\/stormheliworks.se\\\/#website\",\"url\":\"https:\\\/\\\/stormheliworks.se\\\/\",\"name\":\"Storm Heliworks AB\",\"description\":\"Service first, safety always\",\"publisher\":{\"@id\":\"https:\\\/\\\/stormheliworks.se\\\/#organization\"},\"potentialAction\":[{\"@type\":\"SearchAction\",\"target\":{\"@type\":\"EntryPoint\",\"urlTemplate\":\"https:\\\/\\\/stormheliworks.se\\\/?s={search_term_string}\"},\"query-input\":{\"@type\":\"PropertyValueSpecification\",\"valueRequired\":true,\"valueName\":\"search_term_string\"}}],\"inLanguage\":\"en-GB\"},{\"@type\":\"Organization\",\"@id\":\"https:\\\/\\\/stormheliworks.se\\\/#organization\",\"name\":\"STORM Heliworks AB\",\"url\":\"https:\\\/\\\/stormheliworks.se\\\/\",\"logo\":{\"@type\":\"ImageObject\",\"inLanguage\":\"en-GB\",\"@id\":\"https:\\\/\\\/stormheliworks.se\\\/#\\\/schema\\\/logo\\\/image\\\/\",\"url\":\"https:\\\/\\\/stormheliworks.se\\\/wp-content\\\/uploads\\\/2019\\\/10\\\/STORM-Heliworks-Black.png\",\"contentUrl\":\"https:\\\/\\\/stormheliworks.se\\\/wp-content\\\/uploads\\\/2019\\\/10\\\/STORM-Heliworks-Black.png\",\"width\":199,\"height\":46,\"caption\":\"STORM Heliworks AB\"},\"image\":{\"@id\":\"https:\\\/\\\/stormheliworks.se\\\/#\\\/schema\\\/logo\\\/image\\\/\"}}]}<\/script>\n<!-- \/ Yoast SEO plugin. -->","yoast_head_json":{"title":"Vikmugg - Storm Heliworks AB","description":"Fold-a-cup - Orginalet! Vikbar mugg, perfekt att ha i ryggs\u00e4cken f\u00f6r friluftsturen.","robots":{"index":"index","follow":"follow","max-snippet":"max-snippet:-1","max-image-preview":"max-image-preview:large","max-video-preview":"max-video-preview:-1"},"canonical":"https:\/\/stormheliworks.se\/en\/product\/vikmugg\/","og_locale":"en_GB","og_type":"article","og_title":"Vikmugg - Storm Heliworks AB","og_description":"Fold-a-cup - Orginalet! Vikbar mugg, perfekt att ha i ryggs\u00e4cken f\u00f6r friluftsturen.","og_url":"https:\/\/stormheliworks.se\/en\/product\/vikmugg\/","og_site_name":"Storm Heliworks AB","article_modified_time":"2020-10-22T16:34:17+00:00","og_image":[{"width":2560,"height":1920,"url":"https:\/\/stormheliworks.se\/wp-content\/uploads\/2020\/10\/Foldacup-scaled.jpg","type":"image\/jpeg"}],"twitter_card":"summary_large_image","schema":{"@context":"https:\/\/schema.org","@graph":[{"@type":"WebPage","@id":"https:\/\/stormheliworks.se\/produkt\/vikmugg\/","url":"https:\/\/stormheliworks.se\/produkt\/vikmugg\/","name":"Vikmugg - Storm Heliworks AB","isPartOf":{"@id":"https:\/\/stormheliworks.se\/#website"},"primaryImageOfPage":{"@id":"https:\/\/stormheliworks.se\/produkt\/vikmugg\/#primaryimage"},"image":{"@id":"https:\/\/stormheliworks.se\/produkt\/vikmugg\/#primaryimage"},"thumbnailUrl":"https:\/\/i0.wp.com\/stormheliworks.se\/wp-content\/uploads\/2020\/10\/Foldacup-scaled.jpg?fit=2560%2C1920&ssl=1","datePublished":"2020-10-19T12:16:24+00:00","dateModified":"2020-10-22T16:34:17+00:00","description":"Fold-a-cup - Orginalet! Vikbar mugg, perfekt att ha i ryggs\u00e4cken f\u00f6r friluftsturen.","breadcrumb":{"@id":"https:\/\/stormheliworks.se\/produkt\/vikmugg\/#breadcrumb"},"inLanguage":"en-GB","potentialAction":[{"@type":"ReadAction","target":["https:\/\/stormheliworks.se\/produkt\/vikmugg\/"]}]},{"@type":"ImageObject","inLanguage":"en-GB","@id":"https:\/\/stormheliworks.se\/produkt\/vikmugg\/#primaryimage","url":"https:\/\/i0.wp.com\/stormheliworks.se\/wp-content\/uploads\/2020\/10\/Foldacup-scaled.jpg?fit=2560%2C1920&ssl=1","contentUrl":"https:\/\/i0.wp.com\/stormheliworks.se\/wp-content\/uploads\/2020\/10\/Foldacup-scaled.jpg?fit=2560%2C1920&ssl=1","width":2560,"height":1920},{"@type":"BreadcrumbList","@id":"https:\/\/stormheliworks.se\/produkt\/vikmugg\/#breadcrumb","itemListElement":[{"@type":"ListItem","position":1,"name":"Hem","item":"https:\/\/stormheliworks.se\/"},{"@type":"ListItem","position":2,"name":"Produkter","item":"https:\/\/stormheliworks.se\/shop\/"},{"@type":"ListItem","position":3,"name":"Vikmugg"}]},{"@type":"WebSite","@id":"https:\/\/stormheliworks.se\/#website","url":"https:\/\/stormheliworks.se\/","name":"Storm Heliworks AB","description":"Service first, safety always","publisher":{"@id":"https:\/\/stormheliworks.se\/#organization"},"potentialAction":[{"@type":"SearchAction","target":{"@type":"EntryPoint","urlTemplate":"https:\/\/stormheliworks.se\/?s={search_term_string}"},"query-input":{"@type":"PropertyValueSpecification","valueRequired":true,"valueName":"search_term_string"}}],"inLanguage":"en-GB"},{"@type":"Organization","@id":"https:\/\/stormheliworks.se\/#organization","name":"STORM Heliworks AB","url":"https:\/\/stormheliworks.se\/","logo":{"@type":"ImageObject","inLanguage":"en-GB","@id":"https:\/\/stormheliworks.se\/#\/schema\/logo\/image\/","url":"https:\/\/stormheliworks.se\/wp-content\/uploads\/2019\/10\/STORM-Heliworks-Black.png","contentUrl":"https:\/\/stormheliworks.se\/wp-content\/uploads\/2019\/10\/STORM-Heliworks-Black.png","width":199,"height":46,"caption":"STORM Heliworks AB"},"image":{"@id":"https:\/\/stormheliworks.se\/#\/schema\/logo\/image\/"}}]}},"jetpack_sharing_enabled":true,"_links":{"self":[{"href":"https:\/\/stormheliworks.se\/en\/wp-json\/wp\/v2\/product\/5169","targetHints":{"allow":["GET"]}}],"collection":[{"href":"https:\/\/stormheliworks.se\/en\/wp-json\/wp\/v2\/product"}],"about":[{"href":"https:\/\/stormheliworks.se\/en\/wp-json\/wp\/v2\/types\/product"}],"wp:featuredmedia":[{"embeddable":true,"href":"https:\/\/stormheliworks.se\/en\/wp-json\/wp\/v2\/media\/5170"}],"wp:attachment":[{"href":"https:\/\/stormheliworks.se\/en\/wp-json\/wp\/v2\/media?parent=5169"}],"wp:term":[{"taxonomy":"product_brand","embeddable":true,"href":"https:\/\/stormheliworks.se\/en\/wp-json\/wp\/v2\/product_brand?post=5169"},{"taxonomy":"product_cat","embeddable":true,"href":"https:\/\/stormheliworks.se\/en\/wp-json\/wp\/v2\/product_cat?post=5169"},{"taxonomy":"product_tag","embeddable":true,"href":"https:\/\/stormheliworks.se\/en\/wp-json\/wp\/v2\/product_tag?post=5169"}],"curies":[{"name":"wp","href":"https:\/\/api.w.org\/{rel}","templated":true}]}}