{"id":5799,"date":"2021-10-17T16:22:05","date_gmt":"2021-10-17T14:22:05","guid":{"rendered":"https:\/\/stormheliworks.se\/?post_type=product&#038;p=5799"},"modified":"2021-10-29T13:07:22","modified_gmt":"2021-10-29T11:07:22","slug":"sigg-travel","status":"publish","type":"product","link":"https:\/\/stormheliworks.se\/en\/product\/sigg-travel\/","title":{"rendered":"SIGG\u2122 Travel Vattenflaska"},"content":{"rendered":"<p><span style=\"font-weight: 400;\">Denna l\u00e4ttviktsflaska \u00e4r tillverkad av h\u00f6gkvalitativ aluminium i ett stycke, vilket g\u00f6r den b\u00e5de l\u00e4tt och stabil. L\u00e4ckagefri \u00e4ven med kolsyrade drycker. Innerbel\u00e4ggningen \u00e4r resistent mot fruktsyra, smakl\u00f6s och fri fr\u00e5n BPA och ftalater. Det praktiska vridl\u00e5set g\u00f6r att du kan f\u00e4sta flaskan i packningen eller b\u00e4ra den bekv\u00e4mt med bara ett finger. Endast handdisk.<\/span><\/p>\n<p><span style=\"font-weight: 400;\">Mattsvart med logotyper fr\u00e5n b\u00e5de STORM Heliworks och SIGG<\/span><span style=\"font-weight: 400;\">\u2122.<\/span><\/p>\n<p>Volym: 0,6 liter<br \/>\nH\u00f6jd: 21,5 cm<br \/>\nDiameter: 7,1 cm<br \/>\nVikt: 108 g<\/p>","protected":false},"excerpt":{"rendered":"<p><span style=\"font-weight: 400;\">Originalet fr\u00e5n Schweiz i klassisk design. L\u00e4mpar sig i b\u00e5de vandringsv\u00e4skan och arbetsv\u00e4skan. Detta \u00e4r ett perfekt och h\u00e5llbart alternativ f\u00f6r plastflaskor.<\/span><\/p>","protected":false},"featured_media":5808,"template":"","meta":{"_acf_changed":false},"product_brand":[],"product_cat":[60],"product_tag":[],"class_list":{"0":"post-5799","1":"product","2":"type-product","3":"status-publish","4":"has-post-thumbnail","6":"product_cat-muggar-och-flaskor","8":"first","9":"instock","10":"taxable","11":"shipping-taxable","12":"purchasable","13":"product-type-simple"},"acf":[],"yoast_head":"<!-- This site is optimized with the Yoast SEO plugin v27.4 - https:\/\/yoast.com\/product\/yoast-seo-wordpress\/ -->\n<title>SIGG\u2122 Travel Vattenflaska - Storm Heliworks AB<\/title>\n<meta name=\"description\" content=\"Originalet fr\u00e5n Schweiz i klassisk design. L\u00e4mpar sig i b\u00e5de vandringsv\u00e4skan och arbetsv\u00e4skan. Detta \u00e4r ett perfekt och h\u00e5llbart alternativ f\u00f6r plastflaskor.\" \/>\n<meta name=\"robots\" content=\"index, follow, max-snippet:-1, max-image-preview:large, max-video-preview:-1\" \/>\n<link rel=\"canonical\" href=\"https:\/\/stormheliworks.se\/en\/product\/sigg-travel\/\" \/>\n<meta property=\"og:locale\" content=\"en_GB\" \/>\n<meta property=\"og:type\" content=\"article\" \/>\n<meta property=\"og:title\" content=\"SIGG\u2122 Travel Vattenflaska - Storm Heliworks AB\" \/>\n<meta property=\"og:description\" content=\"Originalet fr\u00e5n Schweiz i klassisk design. L\u00e4mpar sig i b\u00e5de vandringsv\u00e4skan och arbetsv\u00e4skan. Detta \u00e4r ett perfekt och h\u00e5llbart alternativ f\u00f6r plastflaskor.\" \/>\n<meta property=\"og:url\" content=\"https:\/\/stormheliworks.se\/en\/product\/sigg-travel\/\" \/>\n<meta property=\"og:site_name\" content=\"Storm Heliworks AB\" \/>\n<meta property=\"article:modified_time\" content=\"2021-10-29T11:07:22+00:00\" \/>\n<meta property=\"og:image\" content=\"https:\/\/stormheliworks.se\/wp-content\/uploads\/2021\/10\/20215.jpg\" \/>\n\t<meta property=\"og:image:width\" content=\"800\" \/>\n\t<meta property=\"og:image:height\" content=\"1200\" \/>\n\t<meta property=\"og:image:type\" content=\"image\/jpeg\" \/>\n<meta name=\"twitter:card\" content=\"summary_large_image\" \/>\n<meta name=\"twitter:label1\" content=\"Estimated reading time\" \/>\n\t<meta name=\"twitter:data1\" content=\"1 minute\" \/>\n<script type=\"application\/ld+json\" class=\"yoast-schema-graph\">{\"@context\":\"https:\\\/\\\/schema.org\",\"@graph\":[{\"@type\":\"WebPage\",\"@id\":\"https:\\\/\\\/stormheliworks.se\\\/produkt\\\/sigg-travel\\\/\",\"url\":\"https:\\\/\\\/stormheliworks.se\\\/produkt\\\/sigg-travel\\\/\",\"name\":\"SIGG\u2122 Travel Vattenflaska - Storm Heliworks AB\",\"isPartOf\":{\"@id\":\"https:\\\/\\\/stormheliworks.se\\\/#website\"},\"primaryImageOfPage\":{\"@id\":\"https:\\\/\\\/stormheliworks.se\\\/produkt\\\/sigg-travel\\\/#primaryimage\"},\"image\":{\"@id\":\"https:\\\/\\\/stormheliworks.se\\\/produkt\\\/sigg-travel\\\/#primaryimage\"},\"thumbnailUrl\":\"https:\\\/\\\/i0.wp.com\\\/stormheliworks.se\\\/wp-content\\\/uploads\\\/2021\\\/10\\\/20215.jpg?fit=800%2C1200&ssl=1\",\"datePublished\":\"2021-10-17T14:22:05+00:00\",\"dateModified\":\"2021-10-29T11:07:22+00:00\",\"description\":\"Originalet fr\u00e5n Schweiz i klassisk design. L\u00e4mpar sig i b\u00e5de vandringsv\u00e4skan och arbetsv\u00e4skan. Detta \u00e4r ett perfekt och h\u00e5llbart alternativ f\u00f6r plastflaskor.\",\"breadcrumb\":{\"@id\":\"https:\\\/\\\/stormheliworks.se\\\/produkt\\\/sigg-travel\\\/#breadcrumb\"},\"inLanguage\":\"en-GB\",\"potentialAction\":[{\"@type\":\"ReadAction\",\"target\":[\"https:\\\/\\\/stormheliworks.se\\\/produkt\\\/sigg-travel\\\/\"]}]},{\"@type\":\"ImageObject\",\"inLanguage\":\"en-GB\",\"@id\":\"https:\\\/\\\/stormheliworks.se\\\/produkt\\\/sigg-travel\\\/#primaryimage\",\"url\":\"https:\\\/\\\/i0.wp.com\\\/stormheliworks.se\\\/wp-content\\\/uploads\\\/2021\\\/10\\\/20215.jpg?fit=800%2C1200&ssl=1\",\"contentUrl\":\"https:\\\/\\\/i0.wp.com\\\/stormheliworks.se\\\/wp-content\\\/uploads\\\/2021\\\/10\\\/20215.jpg?fit=800%2C1200&ssl=1\",\"width\":800,\"height\":1200},{\"@type\":\"BreadcrumbList\",\"@id\":\"https:\\\/\\\/stormheliworks.se\\\/produkt\\\/sigg-travel\\\/#breadcrumb\",\"itemListElement\":[{\"@type\":\"ListItem\",\"position\":1,\"name\":\"Hem\",\"item\":\"https:\\\/\\\/stormheliworks.se\\\/\"},{\"@type\":\"ListItem\",\"position\":2,\"name\":\"Produkter\",\"item\":\"https:\\\/\\\/stormheliworks.se\\\/shop\\\/\"},{\"@type\":\"ListItem\",\"position\":3,\"name\":\"SIGG\u2122 Travel Vattenflaska\"}]},{\"@type\":\"WebSite\",\"@id\":\"https:\\\/\\\/stormheliworks.se\\\/#website\",\"url\":\"https:\\\/\\\/stormheliworks.se\\\/\",\"name\":\"Storm Heliworks AB\",\"description\":\"Service first, safety always\",\"publisher\":{\"@id\":\"https:\\\/\\\/stormheliworks.se\\\/#organization\"},\"potentialAction\":[{\"@type\":\"SearchAction\",\"target\":{\"@type\":\"EntryPoint\",\"urlTemplate\":\"https:\\\/\\\/stormheliworks.se\\\/?s={search_term_string}\"},\"query-input\":{\"@type\":\"PropertyValueSpecification\",\"valueRequired\":true,\"valueName\":\"search_term_string\"}}],\"inLanguage\":\"en-GB\"},{\"@type\":\"Organization\",\"@id\":\"https:\\\/\\\/stormheliworks.se\\\/#organization\",\"name\":\"STORM Heliworks AB\",\"url\":\"https:\\\/\\\/stormheliworks.se\\\/\",\"logo\":{\"@type\":\"ImageObject\",\"inLanguage\":\"en-GB\",\"@id\":\"https:\\\/\\\/stormheliworks.se\\\/#\\\/schema\\\/logo\\\/image\\\/\",\"url\":\"https:\\\/\\\/stormheliworks.se\\\/wp-content\\\/uploads\\\/2019\\\/10\\\/STORM-Heliworks-Black.png\",\"contentUrl\":\"https:\\\/\\\/stormheliworks.se\\\/wp-content\\\/uploads\\\/2019\\\/10\\\/STORM-Heliworks-Black.png\",\"width\":199,\"height\":46,\"caption\":\"STORM Heliworks AB\"},\"image\":{\"@id\":\"https:\\\/\\\/stormheliworks.se\\\/#\\\/schema\\\/logo\\\/image\\\/\"}}]}<\/script>\n<!-- \/ Yoast SEO plugin. -->","yoast_head_json":{"title":"SIGG\u2122 Travel Vattenflaska - Storm Heliworks AB","description":"Originalet fr\u00e5n Schweiz i klassisk design. L\u00e4mpar sig i b\u00e5de vandringsv\u00e4skan och arbetsv\u00e4skan. Detta \u00e4r ett perfekt och h\u00e5llbart alternativ f\u00f6r plastflaskor.","robots":{"index":"index","follow":"follow","max-snippet":"max-snippet:-1","max-image-preview":"max-image-preview:large","max-video-preview":"max-video-preview:-1"},"canonical":"https:\/\/stormheliworks.se\/en\/product\/sigg-travel\/","og_locale":"en_GB","og_type":"article","og_title":"SIGG\u2122 Travel Vattenflaska - Storm Heliworks AB","og_description":"Originalet fr\u00e5n Schweiz i klassisk design. L\u00e4mpar sig i b\u00e5de vandringsv\u00e4skan och arbetsv\u00e4skan. Detta \u00e4r ett perfekt och h\u00e5llbart alternativ f\u00f6r plastflaskor.","og_url":"https:\/\/stormheliworks.se\/en\/product\/sigg-travel\/","og_site_name":"Storm Heliworks AB","article_modified_time":"2021-10-29T11:07:22+00:00","og_image":[{"width":800,"height":1200,"url":"https:\/\/stormheliworks.se\/wp-content\/uploads\/2021\/10\/20215.jpg","type":"image\/jpeg"}],"twitter_card":"summary_large_image","twitter_misc":{"Estimated reading time":"1 minute"},"schema":{"@context":"https:\/\/schema.org","@graph":[{"@type":"WebPage","@id":"https:\/\/stormheliworks.se\/produkt\/sigg-travel\/","url":"https:\/\/stormheliworks.se\/produkt\/sigg-travel\/","name":"SIGG\u2122 Travel Vattenflaska - Storm Heliworks AB","isPartOf":{"@id":"https:\/\/stormheliworks.se\/#website"},"primaryImageOfPage":{"@id":"https:\/\/stormheliworks.se\/produkt\/sigg-travel\/#primaryimage"},"image":{"@id":"https:\/\/stormheliworks.se\/produkt\/sigg-travel\/#primaryimage"},"thumbnailUrl":"https:\/\/i0.wp.com\/stormheliworks.se\/wp-content\/uploads\/2021\/10\/20215.jpg?fit=800%2C1200&ssl=1","datePublished":"2021-10-17T14:22:05+00:00","dateModified":"2021-10-29T11:07:22+00:00","description":"Originalet fr\u00e5n Schweiz i klassisk design. L\u00e4mpar sig i b\u00e5de vandringsv\u00e4skan och arbetsv\u00e4skan. Detta \u00e4r ett perfekt och h\u00e5llbart alternativ f\u00f6r plastflaskor.","breadcrumb":{"@id":"https:\/\/stormheliworks.se\/produkt\/sigg-travel\/#breadcrumb"},"inLanguage":"en-GB","potentialAction":[{"@type":"ReadAction","target":["https:\/\/stormheliworks.se\/produkt\/sigg-travel\/"]}]},{"@type":"ImageObject","inLanguage":"en-GB","@id":"https:\/\/stormheliworks.se\/produkt\/sigg-travel\/#primaryimage","url":"https:\/\/i0.wp.com\/stormheliworks.se\/wp-content\/uploads\/2021\/10\/20215.jpg?fit=800%2C1200&ssl=1","contentUrl":"https:\/\/i0.wp.com\/stormheliworks.se\/wp-content\/uploads\/2021\/10\/20215.jpg?fit=800%2C1200&ssl=1","width":800,"height":1200},{"@type":"BreadcrumbList","@id":"https:\/\/stormheliworks.se\/produkt\/sigg-travel\/#breadcrumb","itemListElement":[{"@type":"ListItem","position":1,"name":"Hem","item":"https:\/\/stormheliworks.se\/"},{"@type":"ListItem","position":2,"name":"Produkter","item":"https:\/\/stormheliworks.se\/shop\/"},{"@type":"ListItem","position":3,"name":"SIGG\u2122 Travel Vattenflaska"}]},{"@type":"WebSite","@id":"https:\/\/stormheliworks.se\/#website","url":"https:\/\/stormheliworks.se\/","name":"Storm Heliworks AB","description":"Service first, safety always","publisher":{"@id":"https:\/\/stormheliworks.se\/#organization"},"potentialAction":[{"@type":"SearchAction","target":{"@type":"EntryPoint","urlTemplate":"https:\/\/stormheliworks.se\/?s={search_term_string}"},"query-input":{"@type":"PropertyValueSpecification","valueRequired":true,"valueName":"search_term_string"}}],"inLanguage":"en-GB"},{"@type":"Organization","@id":"https:\/\/stormheliworks.se\/#organization","name":"STORM Heliworks AB","url":"https:\/\/stormheliworks.se\/","logo":{"@type":"ImageObject","inLanguage":"en-GB","@id":"https:\/\/stormheliworks.se\/#\/schema\/logo\/image\/","url":"https:\/\/stormheliworks.se\/wp-content\/uploads\/2019\/10\/STORM-Heliworks-Black.png","contentUrl":"https:\/\/stormheliworks.se\/wp-content\/uploads\/2019\/10\/STORM-Heliworks-Black.png","width":199,"height":46,"caption":"STORM Heliworks AB"},"image":{"@id":"https:\/\/stormheliworks.se\/#\/schema\/logo\/image\/"}}]}},"jetpack_sharing_enabled":true,"_links":{"self":[{"href":"https:\/\/stormheliworks.se\/en\/wp-json\/wp\/v2\/product\/5799","targetHints":{"allow":["GET"]}}],"collection":[{"href":"https:\/\/stormheliworks.se\/en\/wp-json\/wp\/v2\/product"}],"about":[{"href":"https:\/\/stormheliworks.se\/en\/wp-json\/wp\/v2\/types\/product"}],"wp:featuredmedia":[{"embeddable":true,"href":"https:\/\/stormheliworks.se\/en\/wp-json\/wp\/v2\/media\/5808"}],"wp:attachment":[{"href":"https:\/\/stormheliworks.se\/en\/wp-json\/wp\/v2\/media?parent=5799"}],"wp:term":[{"taxonomy":"product_brand","embeddable":true,"href":"https:\/\/stormheliworks.se\/en\/wp-json\/wp\/v2\/product_brand?post=5799"},{"taxonomy":"product_cat","embeddable":true,"href":"https:\/\/stormheliworks.se\/en\/wp-json\/wp\/v2\/product_cat?post=5799"},{"taxonomy":"product_tag","embeddable":true,"href":"https:\/\/stormheliworks.se\/en\/wp-json\/wp\/v2\/product_tag?post=5799"}],"curies":[{"name":"wp","href":"https:\/\/api.w.org\/{rel}","templated":true}]}}