{"id":5818,"date":"2021-10-17T16:31:15","date_gmt":"2021-10-17T14:31:15","guid":{"rendered":"https:\/\/stormheliworks.se\/?post_type=product&#038;p=5818"},"modified":"2021-10-29T13:06:22","modified_gmt":"2021-10-29T11:06:22","slug":"sigg-hot-and-cold","status":"publish","type":"product","link":"https:\/\/stormheliworks.se\/en\/product\/sigg-hot-and-cold\/","title":{"rendered":"SIGG\u2122 Hot &#038; Cold Flaska"},"content":{"rendered":"<p><span style=\"font-weight: 400;\">Det inbyggda filtret ger m\u00f6jlighet f\u00f6r blandning med te eller frukt. Munstycket som \u00e4r tillverkat av Tritan\u2122 ger inte n\u00e5gon bismak till din dryck, och h\u00e5lls rent av det smarta locket som b\u00e5de kan \u00f6ppnas och st\u00e4ngas med en hand. Tillverkad av rostfritt st\u00e5l. Finishen \u00e4r mattsvart med STORM Heliworks logotyp i silver.<\/span><\/p>\n<p>V\u00e4rmekapacitet: 10 timmar<br \/>\nKylkapacitet: 18 timmar<br \/>\nVolym: 0,5 liter<br \/>\nH\u00f6jd: 26,5 cm<br \/>\nDiameter: 7,2 cm<br \/>\nVikt: 300 g<\/p>","protected":false},"excerpt":{"rendered":"<p><span style=\"font-weight: 400;\">V\u00e4l genomt\u00e4nkt flaska och konstruktion med imponerande funktionalitet, tillverkad av SIGG<\/span><span style=\"font-weight: 400;\">\u2122<\/span><span style=\"font-weight: 400;\">. Lika perfekt f\u00f6r kalla dagar i fj\u00e4llen eller varma dagar p\u00e5 stranden. Flaskan h\u00e5ller din dryck varm i upp till 10 timmar eller kall upp till 18 timmar. <\/span><\/p>","protected":false},"featured_media":5810,"template":"","meta":{"_acf_changed":false},"product_brand":[],"product_cat":[60],"product_tag":[],"class_list":{"0":"post-5818","1":"product","2":"type-product","3":"status-publish","4":"has-post-thumbnail","6":"product_cat-muggar-och-flaskor","8":"first","9":"instock","10":"taxable","11":"shipping-taxable","12":"purchasable","13":"product-type-simple"},"acf":[],"yoast_head":"<!-- This site is optimized with the Yoast SEO plugin v27.3 - https:\/\/yoast.com\/product\/yoast-seo-wordpress\/ -->\n<title>SIGG\u2122 Hot &amp; Cold Flaska - Storm Heliworks AB<\/title>\n<meta name=\"description\" content=\"V\u00e4l genomt\u00e4nkt flaska och konstruktion med imponerande funktionalitet, tillverkad av SIGG\u2122. Lika perfekt f\u00f6r kalla dagar i fj\u00e4llen eller varma dagar p\u00e5 stranden. Flaskan h\u00e5ller din dryck varm i upp till 10 timmar eller kall upp till 18 timmar.\" \/>\n<meta name=\"robots\" content=\"index, follow, max-snippet:-1, max-image-preview:large, max-video-preview:-1\" \/>\n<link rel=\"canonical\" href=\"https:\/\/stormheliworks.se\/en\/product\/sigg-hot-and-cold\/\" \/>\n<meta property=\"og:locale\" content=\"en_GB\" \/>\n<meta property=\"og:type\" content=\"article\" \/>\n<meta property=\"og:title\" content=\"SIGG\u2122 Hot &amp; Cold Flaska - Storm Heliworks AB\" \/>\n<meta property=\"og:description\" content=\"V\u00e4l genomt\u00e4nkt flaska och konstruktion med imponerande funktionalitet, tillverkad av SIGG\u2122. Lika perfekt f\u00f6r kalla dagar i fj\u00e4llen eller varma dagar p\u00e5 stranden. Flaskan h\u00e5ller din dryck varm i upp till 10 timmar eller kall upp till 18 timmar.\" \/>\n<meta property=\"og:url\" content=\"https:\/\/stormheliworks.se\/en\/product\/sigg-hot-and-cold\/\" \/>\n<meta property=\"og:site_name\" content=\"Storm Heliworks AB\" \/>\n<meta property=\"article:modified_time\" content=\"2021-10-29T11:06:22+00:00\" \/>\n<meta property=\"og:image\" content=\"https:\/\/stormheliworks.se\/wp-content\/uploads\/2021\/10\/20214.jpg\" \/>\n\t<meta property=\"og:image:width\" content=\"800\" \/>\n\t<meta property=\"og:image:height\" content=\"1200\" \/>\n\t<meta property=\"og:image:type\" content=\"image\/jpeg\" \/>\n<meta name=\"twitter:card\" content=\"summary_large_image\" \/>\n<meta name=\"twitter:label1\" content=\"Estimated reading time\" \/>\n\t<meta name=\"twitter:data1\" content=\"1 minute\" \/>\n<script type=\"application\/ld+json\" class=\"yoast-schema-graph\">{\"@context\":\"https:\\\/\\\/schema.org\",\"@graph\":[{\"@type\":\"WebPage\",\"@id\":\"https:\\\/\\\/stormheliworks.se\\\/produkt\\\/sigg-hot-and-cold\\\/\",\"url\":\"https:\\\/\\\/stormheliworks.se\\\/produkt\\\/sigg-hot-and-cold\\\/\",\"name\":\"SIGG\u2122 Hot & Cold Flaska - Storm Heliworks AB\",\"isPartOf\":{\"@id\":\"https:\\\/\\\/stormheliworks.se\\\/#website\"},\"primaryImageOfPage\":{\"@id\":\"https:\\\/\\\/stormheliworks.se\\\/produkt\\\/sigg-hot-and-cold\\\/#primaryimage\"},\"image\":{\"@id\":\"https:\\\/\\\/stormheliworks.se\\\/produkt\\\/sigg-hot-and-cold\\\/#primaryimage\"},\"thumbnailUrl\":\"https:\\\/\\\/i0.wp.com\\\/stormheliworks.se\\\/wp-content\\\/uploads\\\/2021\\\/10\\\/20214.jpg?fit=800%2C1200&ssl=1\",\"datePublished\":\"2021-10-17T14:31:15+00:00\",\"dateModified\":\"2021-10-29T11:06:22+00:00\",\"description\":\"V\u00e4l genomt\u00e4nkt flaska och konstruktion med imponerande funktionalitet, tillverkad av SIGG\u2122. Lika perfekt f\u00f6r kalla dagar i fj\u00e4llen eller varma dagar p\u00e5 stranden. Flaskan h\u00e5ller din dryck varm i upp till 10 timmar eller kall upp till 18 timmar.\",\"breadcrumb\":{\"@id\":\"https:\\\/\\\/stormheliworks.se\\\/produkt\\\/sigg-hot-and-cold\\\/#breadcrumb\"},\"inLanguage\":\"en-GB\",\"potentialAction\":[{\"@type\":\"ReadAction\",\"target\":[\"https:\\\/\\\/stormheliworks.se\\\/produkt\\\/sigg-hot-and-cold\\\/\"]}]},{\"@type\":\"ImageObject\",\"inLanguage\":\"en-GB\",\"@id\":\"https:\\\/\\\/stormheliworks.se\\\/produkt\\\/sigg-hot-and-cold\\\/#primaryimage\",\"url\":\"https:\\\/\\\/i0.wp.com\\\/stormheliworks.se\\\/wp-content\\\/uploads\\\/2021\\\/10\\\/20214.jpg?fit=800%2C1200&ssl=1\",\"contentUrl\":\"https:\\\/\\\/i0.wp.com\\\/stormheliworks.se\\\/wp-content\\\/uploads\\\/2021\\\/10\\\/20214.jpg?fit=800%2C1200&ssl=1\",\"width\":800,\"height\":1200},{\"@type\":\"BreadcrumbList\",\"@id\":\"https:\\\/\\\/stormheliworks.se\\\/produkt\\\/sigg-hot-and-cold\\\/#breadcrumb\",\"itemListElement\":[{\"@type\":\"ListItem\",\"position\":1,\"name\":\"Hem\",\"item\":\"https:\\\/\\\/stormheliworks.se\\\/\"},{\"@type\":\"ListItem\",\"position\":2,\"name\":\"Produkter\",\"item\":\"https:\\\/\\\/stormheliworks.se\\\/shop\\\/\"},{\"@type\":\"ListItem\",\"position\":3,\"name\":\"SIGG\u2122 Hot &#038; Cold Flaska\"}]},{\"@type\":\"WebSite\",\"@id\":\"https:\\\/\\\/stormheliworks.se\\\/#website\",\"url\":\"https:\\\/\\\/stormheliworks.se\\\/\",\"name\":\"Storm Heliworks AB\",\"description\":\"Service first, safety always\",\"publisher\":{\"@id\":\"https:\\\/\\\/stormheliworks.se\\\/#organization\"},\"potentialAction\":[{\"@type\":\"SearchAction\",\"target\":{\"@type\":\"EntryPoint\",\"urlTemplate\":\"https:\\\/\\\/stormheliworks.se\\\/?s={search_term_string}\"},\"query-input\":{\"@type\":\"PropertyValueSpecification\",\"valueRequired\":true,\"valueName\":\"search_term_string\"}}],\"inLanguage\":\"en-GB\"},{\"@type\":\"Organization\",\"@id\":\"https:\\\/\\\/stormheliworks.se\\\/#organization\",\"name\":\"STORM Heliworks AB\",\"url\":\"https:\\\/\\\/stormheliworks.se\\\/\",\"logo\":{\"@type\":\"ImageObject\",\"inLanguage\":\"en-GB\",\"@id\":\"https:\\\/\\\/stormheliworks.se\\\/#\\\/schema\\\/logo\\\/image\\\/\",\"url\":\"https:\\\/\\\/stormheliworks.se\\\/wp-content\\\/uploads\\\/2019\\\/10\\\/STORM-Heliworks-Black.png\",\"contentUrl\":\"https:\\\/\\\/stormheliworks.se\\\/wp-content\\\/uploads\\\/2019\\\/10\\\/STORM-Heliworks-Black.png\",\"width\":199,\"height\":46,\"caption\":\"STORM Heliworks AB\"},\"image\":{\"@id\":\"https:\\\/\\\/stormheliworks.se\\\/#\\\/schema\\\/logo\\\/image\\\/\"}}]}<\/script>\n<!-- \/ Yoast SEO plugin. -->","yoast_head_json":{"title":"SIGG\u2122 Hot & Cold Flaska - Storm Heliworks AB","description":"V\u00e4l genomt\u00e4nkt flaska och konstruktion med imponerande funktionalitet, tillverkad av SIGG\u2122. Lika perfekt f\u00f6r kalla dagar i fj\u00e4llen eller varma dagar p\u00e5 stranden. Flaskan h\u00e5ller din dryck varm i upp till 10 timmar eller kall upp till 18 timmar.","robots":{"index":"index","follow":"follow","max-snippet":"max-snippet:-1","max-image-preview":"max-image-preview:large","max-video-preview":"max-video-preview:-1"},"canonical":"https:\/\/stormheliworks.se\/en\/product\/sigg-hot-and-cold\/","og_locale":"en_GB","og_type":"article","og_title":"SIGG\u2122 Hot & Cold Flaska - Storm Heliworks AB","og_description":"V\u00e4l genomt\u00e4nkt flaska och konstruktion med imponerande funktionalitet, tillverkad av SIGG\u2122. Lika perfekt f\u00f6r kalla dagar i fj\u00e4llen eller varma dagar p\u00e5 stranden. Flaskan h\u00e5ller din dryck varm i upp till 10 timmar eller kall upp till 18 timmar.","og_url":"https:\/\/stormheliworks.se\/en\/product\/sigg-hot-and-cold\/","og_site_name":"Storm Heliworks AB","article_modified_time":"2021-10-29T11:06:22+00:00","og_image":[{"width":800,"height":1200,"url":"https:\/\/stormheliworks.se\/wp-content\/uploads\/2021\/10\/20214.jpg","type":"image\/jpeg"}],"twitter_card":"summary_large_image","twitter_misc":{"Estimated reading time":"1 minute"},"schema":{"@context":"https:\/\/schema.org","@graph":[{"@type":"WebPage","@id":"https:\/\/stormheliworks.se\/produkt\/sigg-hot-and-cold\/","url":"https:\/\/stormheliworks.se\/produkt\/sigg-hot-and-cold\/","name":"SIGG\u2122 Hot & Cold Flaska - Storm Heliworks AB","isPartOf":{"@id":"https:\/\/stormheliworks.se\/#website"},"primaryImageOfPage":{"@id":"https:\/\/stormheliworks.se\/produkt\/sigg-hot-and-cold\/#primaryimage"},"image":{"@id":"https:\/\/stormheliworks.se\/produkt\/sigg-hot-and-cold\/#primaryimage"},"thumbnailUrl":"https:\/\/i0.wp.com\/stormheliworks.se\/wp-content\/uploads\/2021\/10\/20214.jpg?fit=800%2C1200&ssl=1","datePublished":"2021-10-17T14:31:15+00:00","dateModified":"2021-10-29T11:06:22+00:00","description":"V\u00e4l genomt\u00e4nkt flaska och konstruktion med imponerande funktionalitet, tillverkad av SIGG\u2122. Lika perfekt f\u00f6r kalla dagar i fj\u00e4llen eller varma dagar p\u00e5 stranden. Flaskan h\u00e5ller din dryck varm i upp till 10 timmar eller kall upp till 18 timmar.","breadcrumb":{"@id":"https:\/\/stormheliworks.se\/produkt\/sigg-hot-and-cold\/#breadcrumb"},"inLanguage":"en-GB","potentialAction":[{"@type":"ReadAction","target":["https:\/\/stormheliworks.se\/produkt\/sigg-hot-and-cold\/"]}]},{"@type":"ImageObject","inLanguage":"en-GB","@id":"https:\/\/stormheliworks.se\/produkt\/sigg-hot-and-cold\/#primaryimage","url":"https:\/\/i0.wp.com\/stormheliworks.se\/wp-content\/uploads\/2021\/10\/20214.jpg?fit=800%2C1200&ssl=1","contentUrl":"https:\/\/i0.wp.com\/stormheliworks.se\/wp-content\/uploads\/2021\/10\/20214.jpg?fit=800%2C1200&ssl=1","width":800,"height":1200},{"@type":"BreadcrumbList","@id":"https:\/\/stormheliworks.se\/produkt\/sigg-hot-and-cold\/#breadcrumb","itemListElement":[{"@type":"ListItem","position":1,"name":"Hem","item":"https:\/\/stormheliworks.se\/"},{"@type":"ListItem","position":2,"name":"Produkter","item":"https:\/\/stormheliworks.se\/shop\/"},{"@type":"ListItem","position":3,"name":"SIGG\u2122 Hot &#038; Cold Flaska"}]},{"@type":"WebSite","@id":"https:\/\/stormheliworks.se\/#website","url":"https:\/\/stormheliworks.se\/","name":"Storm Heliworks AB","description":"Service first, safety always","publisher":{"@id":"https:\/\/stormheliworks.se\/#organization"},"potentialAction":[{"@type":"SearchAction","target":{"@type":"EntryPoint","urlTemplate":"https:\/\/stormheliworks.se\/?s={search_term_string}"},"query-input":{"@type":"PropertyValueSpecification","valueRequired":true,"valueName":"search_term_string"}}],"inLanguage":"en-GB"},{"@type":"Organization","@id":"https:\/\/stormheliworks.se\/#organization","name":"STORM Heliworks AB","url":"https:\/\/stormheliworks.se\/","logo":{"@type":"ImageObject","inLanguage":"en-GB","@id":"https:\/\/stormheliworks.se\/#\/schema\/logo\/image\/","url":"https:\/\/stormheliworks.se\/wp-content\/uploads\/2019\/10\/STORM-Heliworks-Black.png","contentUrl":"https:\/\/stormheliworks.se\/wp-content\/uploads\/2019\/10\/STORM-Heliworks-Black.png","width":199,"height":46,"caption":"STORM Heliworks AB"},"image":{"@id":"https:\/\/stormheliworks.se\/#\/schema\/logo\/image\/"}}]}},"jetpack_sharing_enabled":true,"_links":{"self":[{"href":"https:\/\/stormheliworks.se\/en\/wp-json\/wp\/v2\/product\/5818","targetHints":{"allow":["GET"]}}],"collection":[{"href":"https:\/\/stormheliworks.se\/en\/wp-json\/wp\/v2\/product"}],"about":[{"href":"https:\/\/stormheliworks.se\/en\/wp-json\/wp\/v2\/types\/product"}],"wp:featuredmedia":[{"embeddable":true,"href":"https:\/\/stormheliworks.se\/en\/wp-json\/wp\/v2\/media\/5810"}],"wp:attachment":[{"href":"https:\/\/stormheliworks.se\/en\/wp-json\/wp\/v2\/media?parent=5818"}],"wp:term":[{"taxonomy":"product_brand","embeddable":true,"href":"https:\/\/stormheliworks.se\/en\/wp-json\/wp\/v2\/product_brand?post=5818"},{"taxonomy":"product_cat","embeddable":true,"href":"https:\/\/stormheliworks.se\/en\/wp-json\/wp\/v2\/product_cat?post=5818"},{"taxonomy":"product_tag","embeddable":true,"href":"https:\/\/stormheliworks.se\/en\/wp-json\/wp\/v2\/product_tag?post=5818"}],"curies":[{"name":"wp","href":"https:\/\/api.w.org\/{rel}","templated":true}]}}