{"id":5819,"date":"2021-10-17T16:37:10","date_gmt":"2021-10-17T14:37:10","guid":{"rendered":"https:\/\/stormheliworks.se\/?post_type=product&#038;p=5819"},"modified":"2021-10-29T13:05:22","modified_gmt":"2021-10-29T11:05:22","slug":"thermos","status":"publish","type":"product","link":"https:\/\/stormheliworks.se\/en\/product\/thermos\/","title":{"rendered":"Thermos\u2122 Original"},"content":{"rendered":"<p>Rostfritt fj\u00e4derst\u00e5l med dubbla v\u00e4ggar och Thermos\u2122 unika teknik f\u00f6r vakuumisolering. Det isolerade locket anv\u00e4nds som mugg. Patenterad hygienisk autokork som \u00e4r delbar f\u00f6r enkel reng\u00f6ring. Flaskan \u00e4r kompakt i f\u00f6rh\u00e5llande till sin volym och tar d\u00e4rf\u00f6r upp minimalt med plats i packningen. Med logotyp fr\u00e5n STORM Heliworks.<\/p>\n<p>V\u00e4rmekapacitet: 12 timmar<br \/>\nKylkapacitet: 24 timmar<br \/>\nVolym: 0,75 liter<br \/>\nH\u00f6jd: 29 cm<br \/>\nDiameter: 8 cm<br \/>\nVikt: 488 g<\/p>","protected":false},"excerpt":{"rendered":"<p><span style=\"font-weight: 400;\">Om du \u00e4r ute efter en termos med h\u00f6ga krav beh\u00f6ver du inte leta l\u00e4ngre. Denna termos kommer fr\u00e5n originalet Thermos<\/span><span style=\"font-weight: 400;\">\u2122<\/span><span style=\"font-weight: 400;\"> som garanterar kvalitet och h\u00e5llbarhet.<\/span><\/p>","protected":false},"featured_media":5812,"template":"","meta":{"_acf_changed":false},"product_brand":[],"product_cat":[60],"product_tag":[],"class_list":{"0":"post-5819","1":"product","2":"type-product","3":"status-publish","4":"has-post-thumbnail","6":"product_cat-muggar-och-flaskor","8":"first","9":"instock","10":"taxable","11":"shipping-taxable","12":"purchasable","13":"product-type-simple"},"acf":[],"yoast_head":"<!-- This site is optimized with the Yoast SEO plugin v27.4 - https:\/\/yoast.com\/product\/yoast-seo-wordpress\/ -->\n<title>Thermos\u2122 Original - Storm Heliworks AB<\/title>\n<meta name=\"description\" content=\"Om du \u00e4r ute efter en termos med h\u00f6ga krav beh\u00f6ver du inte leta l\u00e4ngre. Denna termos kommer fr\u00e5n originalet Thermos\u2122 som garanterar kvalitet och h\u00e5llbarhet.\" \/>\n<meta name=\"robots\" content=\"index, follow, max-snippet:-1, max-image-preview:large, max-video-preview:-1\" \/>\n<link rel=\"canonical\" href=\"https:\/\/stormheliworks.se\/en\/product\/thermos\/\" \/>\n<meta property=\"og:locale\" content=\"en_GB\" \/>\n<meta property=\"og:type\" content=\"article\" \/>\n<meta property=\"og:title\" content=\"Thermos\u2122 Original - Storm Heliworks AB\" \/>\n<meta property=\"og:description\" content=\"Om du \u00e4r ute efter en termos med h\u00f6ga krav beh\u00f6ver du inte leta l\u00e4ngre. Denna termos kommer fr\u00e5n originalet Thermos\u2122 som garanterar kvalitet och h\u00e5llbarhet.\" \/>\n<meta property=\"og:url\" content=\"https:\/\/stormheliworks.se\/en\/product\/thermos\/\" \/>\n<meta property=\"og:site_name\" content=\"Storm Heliworks AB\" \/>\n<meta property=\"article:modified_time\" content=\"2021-10-29T11:05:22+00:00\" \/>\n<meta property=\"og:image\" content=\"https:\/\/stormheliworks.se\/wp-content\/uploads\/2021\/10\/20213.jpg\" \/>\n\t<meta property=\"og:image:width\" content=\"800\" \/>\n\t<meta property=\"og:image:height\" content=\"1200\" \/>\n\t<meta property=\"og:image:type\" content=\"image\/jpeg\" \/>\n<meta name=\"twitter:card\" content=\"summary_large_image\" \/>\n<meta name=\"twitter:label1\" content=\"Estimated reading time\" \/>\n\t<meta name=\"twitter:data1\" content=\"1 minute\" \/>\n<script type=\"application\/ld+json\" class=\"yoast-schema-graph\">{\"@context\":\"https:\\\/\\\/schema.org\",\"@graph\":[{\"@type\":\"WebPage\",\"@id\":\"https:\\\/\\\/stormheliworks.se\\\/produkt\\\/thermos\\\/\",\"url\":\"https:\\\/\\\/stormheliworks.se\\\/produkt\\\/thermos\\\/\",\"name\":\"Thermos\u2122 Original - Storm Heliworks AB\",\"isPartOf\":{\"@id\":\"https:\\\/\\\/stormheliworks.se\\\/#website\"},\"primaryImageOfPage\":{\"@id\":\"https:\\\/\\\/stormheliworks.se\\\/produkt\\\/thermos\\\/#primaryimage\"},\"image\":{\"@id\":\"https:\\\/\\\/stormheliworks.se\\\/produkt\\\/thermos\\\/#primaryimage\"},\"thumbnailUrl\":\"https:\\\/\\\/i0.wp.com\\\/stormheliworks.se\\\/wp-content\\\/uploads\\\/2021\\\/10\\\/20213.jpg?fit=800%2C1200&ssl=1\",\"datePublished\":\"2021-10-17T14:37:10+00:00\",\"dateModified\":\"2021-10-29T11:05:22+00:00\",\"description\":\"Om du \u00e4r ute efter en termos med h\u00f6ga krav beh\u00f6ver du inte leta l\u00e4ngre. Denna termos kommer fr\u00e5n originalet Thermos\u2122 som garanterar kvalitet och h\u00e5llbarhet.\",\"breadcrumb\":{\"@id\":\"https:\\\/\\\/stormheliworks.se\\\/produkt\\\/thermos\\\/#breadcrumb\"},\"inLanguage\":\"en-GB\",\"potentialAction\":[{\"@type\":\"ReadAction\",\"target\":[\"https:\\\/\\\/stormheliworks.se\\\/produkt\\\/thermos\\\/\"]}]},{\"@type\":\"ImageObject\",\"inLanguage\":\"en-GB\",\"@id\":\"https:\\\/\\\/stormheliworks.se\\\/produkt\\\/thermos\\\/#primaryimage\",\"url\":\"https:\\\/\\\/i0.wp.com\\\/stormheliworks.se\\\/wp-content\\\/uploads\\\/2021\\\/10\\\/20213.jpg?fit=800%2C1200&ssl=1\",\"contentUrl\":\"https:\\\/\\\/i0.wp.com\\\/stormheliworks.se\\\/wp-content\\\/uploads\\\/2021\\\/10\\\/20213.jpg?fit=800%2C1200&ssl=1\",\"width\":800,\"height\":1200},{\"@type\":\"BreadcrumbList\",\"@id\":\"https:\\\/\\\/stormheliworks.se\\\/produkt\\\/thermos\\\/#breadcrumb\",\"itemListElement\":[{\"@type\":\"ListItem\",\"position\":1,\"name\":\"Hem\",\"item\":\"https:\\\/\\\/stormheliworks.se\\\/\"},{\"@type\":\"ListItem\",\"position\":2,\"name\":\"Produkter\",\"item\":\"https:\\\/\\\/stormheliworks.se\\\/shop\\\/\"},{\"@type\":\"ListItem\",\"position\":3,\"name\":\"Thermos\u2122 Original\"}]},{\"@type\":\"WebSite\",\"@id\":\"https:\\\/\\\/stormheliworks.se\\\/#website\",\"url\":\"https:\\\/\\\/stormheliworks.se\\\/\",\"name\":\"Storm Heliworks AB\",\"description\":\"Service first, safety always\",\"publisher\":{\"@id\":\"https:\\\/\\\/stormheliworks.se\\\/#organization\"},\"potentialAction\":[{\"@type\":\"SearchAction\",\"target\":{\"@type\":\"EntryPoint\",\"urlTemplate\":\"https:\\\/\\\/stormheliworks.se\\\/?s={search_term_string}\"},\"query-input\":{\"@type\":\"PropertyValueSpecification\",\"valueRequired\":true,\"valueName\":\"search_term_string\"}}],\"inLanguage\":\"en-GB\"},{\"@type\":\"Organization\",\"@id\":\"https:\\\/\\\/stormheliworks.se\\\/#organization\",\"name\":\"STORM Heliworks AB\",\"url\":\"https:\\\/\\\/stormheliworks.se\\\/\",\"logo\":{\"@type\":\"ImageObject\",\"inLanguage\":\"en-GB\",\"@id\":\"https:\\\/\\\/stormheliworks.se\\\/#\\\/schema\\\/logo\\\/image\\\/\",\"url\":\"https:\\\/\\\/stormheliworks.se\\\/wp-content\\\/uploads\\\/2019\\\/10\\\/STORM-Heliworks-Black.png\",\"contentUrl\":\"https:\\\/\\\/stormheliworks.se\\\/wp-content\\\/uploads\\\/2019\\\/10\\\/STORM-Heliworks-Black.png\",\"width\":199,\"height\":46,\"caption\":\"STORM Heliworks AB\"},\"image\":{\"@id\":\"https:\\\/\\\/stormheliworks.se\\\/#\\\/schema\\\/logo\\\/image\\\/\"}}]}<\/script>\n<!-- \/ Yoast SEO plugin. -->","yoast_head_json":{"title":"Thermos\u2122 Original - Storm Heliworks AB","description":"Om du \u00e4r ute efter en termos med h\u00f6ga krav beh\u00f6ver du inte leta l\u00e4ngre. Denna termos kommer fr\u00e5n originalet Thermos\u2122 som garanterar kvalitet och h\u00e5llbarhet.","robots":{"index":"index","follow":"follow","max-snippet":"max-snippet:-1","max-image-preview":"max-image-preview:large","max-video-preview":"max-video-preview:-1"},"canonical":"https:\/\/stormheliworks.se\/en\/product\/thermos\/","og_locale":"en_GB","og_type":"article","og_title":"Thermos\u2122 Original - Storm Heliworks AB","og_description":"Om du \u00e4r ute efter en termos med h\u00f6ga krav beh\u00f6ver du inte leta l\u00e4ngre. Denna termos kommer fr\u00e5n originalet Thermos\u2122 som garanterar kvalitet och h\u00e5llbarhet.","og_url":"https:\/\/stormheliworks.se\/en\/product\/thermos\/","og_site_name":"Storm Heliworks AB","article_modified_time":"2021-10-29T11:05:22+00:00","og_image":[{"width":800,"height":1200,"url":"https:\/\/stormheliworks.se\/wp-content\/uploads\/2021\/10\/20213.jpg","type":"image\/jpeg"}],"twitter_card":"summary_large_image","twitter_misc":{"Estimated reading time":"1 minute"},"schema":{"@context":"https:\/\/schema.org","@graph":[{"@type":"WebPage","@id":"https:\/\/stormheliworks.se\/produkt\/thermos\/","url":"https:\/\/stormheliworks.se\/produkt\/thermos\/","name":"Thermos\u2122 Original - Storm Heliworks AB","isPartOf":{"@id":"https:\/\/stormheliworks.se\/#website"},"primaryImageOfPage":{"@id":"https:\/\/stormheliworks.se\/produkt\/thermos\/#primaryimage"},"image":{"@id":"https:\/\/stormheliworks.se\/produkt\/thermos\/#primaryimage"},"thumbnailUrl":"https:\/\/i0.wp.com\/stormheliworks.se\/wp-content\/uploads\/2021\/10\/20213.jpg?fit=800%2C1200&ssl=1","datePublished":"2021-10-17T14:37:10+00:00","dateModified":"2021-10-29T11:05:22+00:00","description":"Om du \u00e4r ute efter en termos med h\u00f6ga krav beh\u00f6ver du inte leta l\u00e4ngre. Denna termos kommer fr\u00e5n originalet Thermos\u2122 som garanterar kvalitet och h\u00e5llbarhet.","breadcrumb":{"@id":"https:\/\/stormheliworks.se\/produkt\/thermos\/#breadcrumb"},"inLanguage":"en-GB","potentialAction":[{"@type":"ReadAction","target":["https:\/\/stormheliworks.se\/produkt\/thermos\/"]}]},{"@type":"ImageObject","inLanguage":"en-GB","@id":"https:\/\/stormheliworks.se\/produkt\/thermos\/#primaryimage","url":"https:\/\/i0.wp.com\/stormheliworks.se\/wp-content\/uploads\/2021\/10\/20213.jpg?fit=800%2C1200&ssl=1","contentUrl":"https:\/\/i0.wp.com\/stormheliworks.se\/wp-content\/uploads\/2021\/10\/20213.jpg?fit=800%2C1200&ssl=1","width":800,"height":1200},{"@type":"BreadcrumbList","@id":"https:\/\/stormheliworks.se\/produkt\/thermos\/#breadcrumb","itemListElement":[{"@type":"ListItem","position":1,"name":"Hem","item":"https:\/\/stormheliworks.se\/"},{"@type":"ListItem","position":2,"name":"Produkter","item":"https:\/\/stormheliworks.se\/shop\/"},{"@type":"ListItem","position":3,"name":"Thermos\u2122 Original"}]},{"@type":"WebSite","@id":"https:\/\/stormheliworks.se\/#website","url":"https:\/\/stormheliworks.se\/","name":"Storm Heliworks AB","description":"Service first, safety always","publisher":{"@id":"https:\/\/stormheliworks.se\/#organization"},"potentialAction":[{"@type":"SearchAction","target":{"@type":"EntryPoint","urlTemplate":"https:\/\/stormheliworks.se\/?s={search_term_string}"},"query-input":{"@type":"PropertyValueSpecification","valueRequired":true,"valueName":"search_term_string"}}],"inLanguage":"en-GB"},{"@type":"Organization","@id":"https:\/\/stormheliworks.se\/#organization","name":"STORM Heliworks AB","url":"https:\/\/stormheliworks.se\/","logo":{"@type":"ImageObject","inLanguage":"en-GB","@id":"https:\/\/stormheliworks.se\/#\/schema\/logo\/image\/","url":"https:\/\/stormheliworks.se\/wp-content\/uploads\/2019\/10\/STORM-Heliworks-Black.png","contentUrl":"https:\/\/stormheliworks.se\/wp-content\/uploads\/2019\/10\/STORM-Heliworks-Black.png","width":199,"height":46,"caption":"STORM Heliworks AB"},"image":{"@id":"https:\/\/stormheliworks.se\/#\/schema\/logo\/image\/"}}]}},"jetpack_sharing_enabled":true,"_links":{"self":[{"href":"https:\/\/stormheliworks.se\/en\/wp-json\/wp\/v2\/product\/5819","targetHints":{"allow":["GET"]}}],"collection":[{"href":"https:\/\/stormheliworks.se\/en\/wp-json\/wp\/v2\/product"}],"about":[{"href":"https:\/\/stormheliworks.se\/en\/wp-json\/wp\/v2\/types\/product"}],"wp:featuredmedia":[{"embeddable":true,"href":"https:\/\/stormheliworks.se\/en\/wp-json\/wp\/v2\/media\/5812"}],"wp:attachment":[{"href":"https:\/\/stormheliworks.se\/en\/wp-json\/wp\/v2\/media?parent=5819"}],"wp:term":[{"taxonomy":"product_brand","embeddable":true,"href":"https:\/\/stormheliworks.se\/en\/wp-json\/wp\/v2\/product_brand?post=5819"},{"taxonomy":"product_cat","embeddable":true,"href":"https:\/\/stormheliworks.se\/en\/wp-json\/wp\/v2\/product_cat?post=5819"},{"taxonomy":"product_tag","embeddable":true,"href":"https:\/\/stormheliworks.se\/en\/wp-json\/wp\/v2\/product_tag?post=5819"}],"curies":[{"name":"wp","href":"https:\/\/api.w.org\/{rel}","templated":true}]}}