{"id":5821,"date":"2021-10-17T16:40:29","date_gmt":"2021-10-17T14:40:29","guid":{"rendered":"https:\/\/stormheliworks.se\/?post_type=product&#038;p=5821"},"modified":"2021-10-29T13:13:51","modified_gmt":"2021-10-29T11:13:51","slug":"stickad-mossa","status":"publish","type":"product","link":"https:\/\/stormheliworks.se\/en\/product\/stickad-mossa\/","title":{"rendered":"Stickad m\u00f6ssa"},"content":{"rendered":"<p><span style=\"font-weight: 400;\">En klassisk stickad m\u00f6ssa av tidl\u00f6s design, med tofs och vikbar kant. En storlek passar de flesta. M\u00f6ssan \u00e4r tv\u00e4ttbar f\u00f6r hand.<\/span><\/p>","protected":false},"excerpt":{"rendered":"<p><span style=\"font-weight: 400;\">Varm och sk\u00f6n m\u00f6ssa, l\u00e4mplig f\u00f6r b\u00e5de h\u00f6stpromenader och dagar i sn\u00f6n.<\/span><\/p>","protected":false},"featured_media":5816,"template":"","meta":{"_acf_changed":false},"product_brand":[],"product_cat":[31],"product_tag":[],"class_list":{"0":"post-5821","1":"product","2":"type-product","3":"status-publish","4":"has-post-thumbnail","6":"product_cat-huvudbonader","8":"first","9":"instock","10":"taxable","11":"shipping-taxable","12":"purchasable","13":"product-type-simple"},"acf":[],"yoast_head":"<!-- This site is optimized with the Yoast SEO plugin v27.3 - https:\/\/yoast.com\/product\/yoast-seo-wordpress\/ -->\n<title>Stickad m\u00f6ssa - Storm Heliworks AB<\/title>\n<meta name=\"description\" content=\"Varm och sk\u00f6n m\u00f6ssa, l\u00e4mplig f\u00f6r b\u00e5de h\u00f6stpromenader och dagar i sn\u00f6n.\" \/>\n<meta name=\"robots\" content=\"index, follow, max-snippet:-1, max-image-preview:large, max-video-preview:-1\" \/>\n<link rel=\"canonical\" href=\"https:\/\/stormheliworks.se\/en\/product\/stickad-mossa\/\" \/>\n<meta property=\"og:locale\" content=\"en_GB\" \/>\n<meta property=\"og:type\" content=\"article\" \/>\n<meta property=\"og:title\" content=\"Stickad m\u00f6ssa - Storm Heliworks AB\" \/>\n<meta property=\"og:description\" content=\"Varm och sk\u00f6n m\u00f6ssa, l\u00e4mplig f\u00f6r b\u00e5de h\u00f6stpromenader och dagar i sn\u00f6n.\" \/>\n<meta property=\"og:url\" content=\"https:\/\/stormheliworks.se\/en\/product\/stickad-mossa\/\" \/>\n<meta property=\"og:site_name\" content=\"Storm Heliworks AB\" \/>\n<meta property=\"article:modified_time\" content=\"2021-10-29T11:13:51+00:00\" \/>\n<meta property=\"og:image\" content=\"https:\/\/stormheliworks.se\/wp-content\/uploads\/2021\/10\/2021.jpg\" \/>\n\t<meta property=\"og:image:width\" content=\"800\" \/>\n\t<meta property=\"og:image:height\" content=\"800\" \/>\n\t<meta property=\"og:image:type\" content=\"image\/jpeg\" \/>\n<meta name=\"twitter:card\" content=\"summary_large_image\" \/>\n<meta name=\"twitter:label1\" content=\"Estimated reading time\" \/>\n\t<meta name=\"twitter:data1\" content=\"1 minute\" \/>\n<script type=\"application\/ld+json\" class=\"yoast-schema-graph\">{\"@context\":\"https:\\\/\\\/schema.org\",\"@graph\":[{\"@type\":\"WebPage\",\"@id\":\"https:\\\/\\\/stormheliworks.se\\\/produkt\\\/stickad-mossa\\\/\",\"url\":\"https:\\\/\\\/stormheliworks.se\\\/produkt\\\/stickad-mossa\\\/\",\"name\":\"Stickad m\u00f6ssa - Storm Heliworks AB\",\"isPartOf\":{\"@id\":\"https:\\\/\\\/stormheliworks.se\\\/#website\"},\"primaryImageOfPage\":{\"@id\":\"https:\\\/\\\/stormheliworks.se\\\/produkt\\\/stickad-mossa\\\/#primaryimage\"},\"image\":{\"@id\":\"https:\\\/\\\/stormheliworks.se\\\/produkt\\\/stickad-mossa\\\/#primaryimage\"},\"thumbnailUrl\":\"https:\\\/\\\/i0.wp.com\\\/stormheliworks.se\\\/wp-content\\\/uploads\\\/2021\\\/10\\\/2021.jpg?fit=800%2C800&ssl=1\",\"datePublished\":\"2021-10-17T14:40:29+00:00\",\"dateModified\":\"2021-10-29T11:13:51+00:00\",\"description\":\"Varm och sk\u00f6n m\u00f6ssa, l\u00e4mplig f\u00f6r b\u00e5de h\u00f6stpromenader och dagar i sn\u00f6n.\",\"breadcrumb\":{\"@id\":\"https:\\\/\\\/stormheliworks.se\\\/produkt\\\/stickad-mossa\\\/#breadcrumb\"},\"inLanguage\":\"en-GB\",\"potentialAction\":[{\"@type\":\"ReadAction\",\"target\":[\"https:\\\/\\\/stormheliworks.se\\\/produkt\\\/stickad-mossa\\\/\"]}]},{\"@type\":\"ImageObject\",\"inLanguage\":\"en-GB\",\"@id\":\"https:\\\/\\\/stormheliworks.se\\\/produkt\\\/stickad-mossa\\\/#primaryimage\",\"url\":\"https:\\\/\\\/i0.wp.com\\\/stormheliworks.se\\\/wp-content\\\/uploads\\\/2021\\\/10\\\/2021.jpg?fit=800%2C800&ssl=1\",\"contentUrl\":\"https:\\\/\\\/i0.wp.com\\\/stormheliworks.se\\\/wp-content\\\/uploads\\\/2021\\\/10\\\/2021.jpg?fit=800%2C800&ssl=1\",\"width\":800,\"height\":800},{\"@type\":\"BreadcrumbList\",\"@id\":\"https:\\\/\\\/stormheliworks.se\\\/produkt\\\/stickad-mossa\\\/#breadcrumb\",\"itemListElement\":[{\"@type\":\"ListItem\",\"position\":1,\"name\":\"Hem\",\"item\":\"https:\\\/\\\/stormheliworks.se\\\/\"},{\"@type\":\"ListItem\",\"position\":2,\"name\":\"Produkter\",\"item\":\"https:\\\/\\\/stormheliworks.se\\\/shop\\\/\"},{\"@type\":\"ListItem\",\"position\":3,\"name\":\"Stickad m\u00f6ssa\"}]},{\"@type\":\"WebSite\",\"@id\":\"https:\\\/\\\/stormheliworks.se\\\/#website\",\"url\":\"https:\\\/\\\/stormheliworks.se\\\/\",\"name\":\"Storm Heliworks AB\",\"description\":\"Service first, safety always\",\"publisher\":{\"@id\":\"https:\\\/\\\/stormheliworks.se\\\/#organization\"},\"potentialAction\":[{\"@type\":\"SearchAction\",\"target\":{\"@type\":\"EntryPoint\",\"urlTemplate\":\"https:\\\/\\\/stormheliworks.se\\\/?s={search_term_string}\"},\"query-input\":{\"@type\":\"PropertyValueSpecification\",\"valueRequired\":true,\"valueName\":\"search_term_string\"}}],\"inLanguage\":\"en-GB\"},{\"@type\":\"Organization\",\"@id\":\"https:\\\/\\\/stormheliworks.se\\\/#organization\",\"name\":\"STORM Heliworks AB\",\"url\":\"https:\\\/\\\/stormheliworks.se\\\/\",\"logo\":{\"@type\":\"ImageObject\",\"inLanguage\":\"en-GB\",\"@id\":\"https:\\\/\\\/stormheliworks.se\\\/#\\\/schema\\\/logo\\\/image\\\/\",\"url\":\"https:\\\/\\\/stormheliworks.se\\\/wp-content\\\/uploads\\\/2019\\\/10\\\/STORM-Heliworks-Black.png\",\"contentUrl\":\"https:\\\/\\\/stormheliworks.se\\\/wp-content\\\/uploads\\\/2019\\\/10\\\/STORM-Heliworks-Black.png\",\"width\":199,\"height\":46,\"caption\":\"STORM Heliworks AB\"},\"image\":{\"@id\":\"https:\\\/\\\/stormheliworks.se\\\/#\\\/schema\\\/logo\\\/image\\\/\"}}]}<\/script>\n<!-- \/ Yoast SEO plugin. -->","yoast_head_json":{"title":"Stickad m\u00f6ssa - Storm Heliworks AB","description":"Varm och sk\u00f6n m\u00f6ssa, l\u00e4mplig f\u00f6r b\u00e5de h\u00f6stpromenader och dagar i sn\u00f6n.","robots":{"index":"index","follow":"follow","max-snippet":"max-snippet:-1","max-image-preview":"max-image-preview:large","max-video-preview":"max-video-preview:-1"},"canonical":"https:\/\/stormheliworks.se\/en\/product\/stickad-mossa\/","og_locale":"en_GB","og_type":"article","og_title":"Stickad m\u00f6ssa - Storm Heliworks AB","og_description":"Varm och sk\u00f6n m\u00f6ssa, l\u00e4mplig f\u00f6r b\u00e5de h\u00f6stpromenader och dagar i sn\u00f6n.","og_url":"https:\/\/stormheliworks.se\/en\/product\/stickad-mossa\/","og_site_name":"Storm Heliworks AB","article_modified_time":"2021-10-29T11:13:51+00:00","og_image":[{"width":800,"height":800,"url":"https:\/\/stormheliworks.se\/wp-content\/uploads\/2021\/10\/2021.jpg","type":"image\/jpeg"}],"twitter_card":"summary_large_image","twitter_misc":{"Estimated reading time":"1 minute"},"schema":{"@context":"https:\/\/schema.org","@graph":[{"@type":"WebPage","@id":"https:\/\/stormheliworks.se\/produkt\/stickad-mossa\/","url":"https:\/\/stormheliworks.se\/produkt\/stickad-mossa\/","name":"Stickad m\u00f6ssa - Storm Heliworks AB","isPartOf":{"@id":"https:\/\/stormheliworks.se\/#website"},"primaryImageOfPage":{"@id":"https:\/\/stormheliworks.se\/produkt\/stickad-mossa\/#primaryimage"},"image":{"@id":"https:\/\/stormheliworks.se\/produkt\/stickad-mossa\/#primaryimage"},"thumbnailUrl":"https:\/\/i0.wp.com\/stormheliworks.se\/wp-content\/uploads\/2021\/10\/2021.jpg?fit=800%2C800&ssl=1","datePublished":"2021-10-17T14:40:29+00:00","dateModified":"2021-10-29T11:13:51+00:00","description":"Varm och sk\u00f6n m\u00f6ssa, l\u00e4mplig f\u00f6r b\u00e5de h\u00f6stpromenader och dagar i sn\u00f6n.","breadcrumb":{"@id":"https:\/\/stormheliworks.se\/produkt\/stickad-mossa\/#breadcrumb"},"inLanguage":"en-GB","potentialAction":[{"@type":"ReadAction","target":["https:\/\/stormheliworks.se\/produkt\/stickad-mossa\/"]}]},{"@type":"ImageObject","inLanguage":"en-GB","@id":"https:\/\/stormheliworks.se\/produkt\/stickad-mossa\/#primaryimage","url":"https:\/\/i0.wp.com\/stormheliworks.se\/wp-content\/uploads\/2021\/10\/2021.jpg?fit=800%2C800&ssl=1","contentUrl":"https:\/\/i0.wp.com\/stormheliworks.se\/wp-content\/uploads\/2021\/10\/2021.jpg?fit=800%2C800&ssl=1","width":800,"height":800},{"@type":"BreadcrumbList","@id":"https:\/\/stormheliworks.se\/produkt\/stickad-mossa\/#breadcrumb","itemListElement":[{"@type":"ListItem","position":1,"name":"Hem","item":"https:\/\/stormheliworks.se\/"},{"@type":"ListItem","position":2,"name":"Produkter","item":"https:\/\/stormheliworks.se\/shop\/"},{"@type":"ListItem","position":3,"name":"Stickad m\u00f6ssa"}]},{"@type":"WebSite","@id":"https:\/\/stormheliworks.se\/#website","url":"https:\/\/stormheliworks.se\/","name":"Storm Heliworks AB","description":"Service first, safety always","publisher":{"@id":"https:\/\/stormheliworks.se\/#organization"},"potentialAction":[{"@type":"SearchAction","target":{"@type":"EntryPoint","urlTemplate":"https:\/\/stormheliworks.se\/?s={search_term_string}"},"query-input":{"@type":"PropertyValueSpecification","valueRequired":true,"valueName":"search_term_string"}}],"inLanguage":"en-GB"},{"@type":"Organization","@id":"https:\/\/stormheliworks.se\/#organization","name":"STORM Heliworks AB","url":"https:\/\/stormheliworks.se\/","logo":{"@type":"ImageObject","inLanguage":"en-GB","@id":"https:\/\/stormheliworks.se\/#\/schema\/logo\/image\/","url":"https:\/\/stormheliworks.se\/wp-content\/uploads\/2019\/10\/STORM-Heliworks-Black.png","contentUrl":"https:\/\/stormheliworks.se\/wp-content\/uploads\/2019\/10\/STORM-Heliworks-Black.png","width":199,"height":46,"caption":"STORM Heliworks AB"},"image":{"@id":"https:\/\/stormheliworks.se\/#\/schema\/logo\/image\/"}}]}},"jetpack_sharing_enabled":true,"_links":{"self":[{"href":"https:\/\/stormheliworks.se\/en\/wp-json\/wp\/v2\/product\/5821","targetHints":{"allow":["GET"]}}],"collection":[{"href":"https:\/\/stormheliworks.se\/en\/wp-json\/wp\/v2\/product"}],"about":[{"href":"https:\/\/stormheliworks.se\/en\/wp-json\/wp\/v2\/types\/product"}],"wp:featuredmedia":[{"embeddable":true,"href":"https:\/\/stormheliworks.se\/en\/wp-json\/wp\/v2\/media\/5816"}],"wp:attachment":[{"href":"https:\/\/stormheliworks.se\/en\/wp-json\/wp\/v2\/media?parent=5821"}],"wp:term":[{"taxonomy":"product_brand","embeddable":true,"href":"https:\/\/stormheliworks.se\/en\/wp-json\/wp\/v2\/product_brand?post=5821"},{"taxonomy":"product_cat","embeddable":true,"href":"https:\/\/stormheliworks.se\/en\/wp-json\/wp\/v2\/product_cat?post=5821"},{"taxonomy":"product_tag","embeddable":true,"href":"https:\/\/stormheliworks.se\/en\/wp-json\/wp\/v2\/product_tag?post=5821"}],"curies":[{"name":"wp","href":"https:\/\/api.w.org\/{rel}","templated":true}]}}