{"id":6374,"date":"2022-11-21T16:27:53","date_gmt":"2022-11-21T15:27:53","guid":{"rendered":"https:\/\/stormheliworks.se\/?post_type=product&#038;p=6374"},"modified":"2026-03-09T11:35:13","modified_gmt":"2026-03-09T10:35:13","slug":"recco-belt","status":"publish","type":"product","link":"https:\/\/stormheliworks.se\/en\/product\/recco-belt\/","title":{"rendered":"RECCO\u00ae Reflector Belt"},"content":{"rendered":"<p>RECCO\u00ae b\u00e4lte med r\u00e4ddningsreflektor g\u00f6r dig s\u00f6kbar f\u00f6r r\u00e4ddningspersonal som anv\u00e4nder RECCO\u00ae detektorer i h\u00e4ndelse av en lavinolycka eller n\u00e4r du kommit vilse utomhus.<br \/>\nB\u00e4ltet \u00e4r tillverkat av flexibelt och robust material med ett metallsp\u00e4nne och tv\u00e5 integrerade RECCO\u00ae r\u00e4ddningsreflektorer f\u00f6r optimal s\u00f6kbarhet.<\/p>\n<p>RECCO\u00ae-teknik f\u00f6rhindrar inte laviner eller garanterar inte \u00f6verlevnad eller lokalisering av ett offer eller f\u00f6rlorad person. Kunskap och sunt f\u00f6rnuft \u00e4r de b\u00e4sta s\u00e4tten att undvika olyckor. Respektera alltid s\u00e4kerhetsregler och f\u00f6reskrifter.<\/p>\n<p>Storlek S\/M (105 cm) eller M\/L (125 cm)<\/p>","protected":false},"excerpt":{"rendered":"<p>Detta utomhusb\u00e4lte h\u00e5ller inte bara dina byxor uppe, det \u00e4r utrustat med tv\u00e5 RECCO\u00ae r\u00e4ddningsreflektorer f\u00f6r att h\u00e5lla dig s\u00f6kbar.<\/p>","protected":false},"featured_media":6390,"template":"","meta":{"_acf_changed":false},"product_brand":[],"product_cat":[71],"product_tag":[],"class_list":{"0":"post-6374","1":"product","2":"type-product","3":"status-publish","4":"has-post-thumbnail","6":"product_cat-recco","8":"first","9":"instock","10":"taxable","11":"shipping-taxable","12":"purchasable","13":"product-type-variable"},"acf":[],"yoast_head":"<!-- This site is optimized with the Yoast SEO plugin v27.3 - https:\/\/yoast.com\/product\/yoast-seo-wordpress\/ -->\n<title>RECCO\u00ae Reflector Belt - Storm Heliworks AB<\/title>\n<meta name=\"description\" content=\"Detta utomhusb\u00e4lte h\u00e5ller inte bara dina byxor uppe, det \u00e4r utrustat med tv\u00e5 RECCO\u00ae-r\u00e4ddningsreflektorer f\u00f6r att h\u00e5lla dig s\u00f6kbar.\" \/>\n<meta name=\"robots\" content=\"index, follow, max-snippet:-1, max-image-preview:large, max-video-preview:-1\" \/>\n<link rel=\"canonical\" href=\"https:\/\/stormheliworks.se\/en\/product\/recco-belt\/\" \/>\n<meta property=\"og:locale\" content=\"en_GB\" \/>\n<meta property=\"og:type\" content=\"article\" \/>\n<meta property=\"og:title\" content=\"RECCO\u00ae Reflector Belt - Storm Heliworks AB\" \/>\n<meta property=\"og:description\" content=\"Detta utomhusb\u00e4lte h\u00e5ller inte bara dina byxor uppe, det \u00e4r utrustat med tv\u00e5 RECCO\u00ae-r\u00e4ddningsreflektorer f\u00f6r att h\u00e5lla dig s\u00f6kbar.\" \/>\n<meta property=\"og:url\" content=\"https:\/\/stormheliworks.se\/en\/product\/recco-belt\/\" \/>\n<meta property=\"og:site_name\" content=\"Storm Heliworks AB\" \/>\n<meta property=\"article:modified_time\" content=\"2026-03-09T10:35:13+00:00\" \/>\n<meta property=\"og:image\" content=\"https:\/\/stormheliworks.se\/wp-content\/uploads\/2022\/11\/Recco-Belt-SM.jpg\" \/>\n\t<meta property=\"og:image:width\" content=\"800\" \/>\n\t<meta property=\"og:image:height\" content=\"800\" \/>\n\t<meta property=\"og:image:type\" content=\"image\/jpeg\" \/>\n<meta name=\"twitter:card\" content=\"summary_large_image\" \/>\n<meta name=\"twitter:label1\" content=\"Estimated reading time\" \/>\n\t<meta name=\"twitter:data1\" content=\"1 minute\" \/>\n<script type=\"application\/ld+json\" class=\"yoast-schema-graph\">{\"@context\":\"https:\\\/\\\/schema.org\",\"@graph\":[{\"@type\":\"WebPage\",\"@id\":\"https:\\\/\\\/stormheliworks.se\\\/produkt\\\/recco-belt\\\/\",\"url\":\"https:\\\/\\\/stormheliworks.se\\\/produkt\\\/recco-belt\\\/\",\"name\":\"RECCO\u00ae Reflector Belt - Storm Heliworks AB\",\"isPartOf\":{\"@id\":\"https:\\\/\\\/stormheliworks.se\\\/#website\"},\"primaryImageOfPage\":{\"@id\":\"https:\\\/\\\/stormheliworks.se\\\/produkt\\\/recco-belt\\\/#primaryimage\"},\"image\":{\"@id\":\"https:\\\/\\\/stormheliworks.se\\\/produkt\\\/recco-belt\\\/#primaryimage\"},\"thumbnailUrl\":\"https:\\\/\\\/i0.wp.com\\\/stormheliworks.se\\\/wp-content\\\/uploads\\\/2022\\\/11\\\/Recco-Belt-SM.jpg?fit=800%2C800&ssl=1\",\"datePublished\":\"2022-11-21T15:27:53+00:00\",\"dateModified\":\"2026-03-09T10:35:13+00:00\",\"description\":\"Detta utomhusb\u00e4lte h\u00e5ller inte bara dina byxor uppe, det \u00e4r utrustat med tv\u00e5 RECCO\u00ae-r\u00e4ddningsreflektorer f\u00f6r att h\u00e5lla dig s\u00f6kbar.\",\"breadcrumb\":{\"@id\":\"https:\\\/\\\/stormheliworks.se\\\/produkt\\\/recco-belt\\\/#breadcrumb\"},\"inLanguage\":\"en-GB\",\"potentialAction\":[{\"@type\":\"ReadAction\",\"target\":[\"https:\\\/\\\/stormheliworks.se\\\/produkt\\\/recco-belt\\\/\"]}]},{\"@type\":\"ImageObject\",\"inLanguage\":\"en-GB\",\"@id\":\"https:\\\/\\\/stormheliworks.se\\\/produkt\\\/recco-belt\\\/#primaryimage\",\"url\":\"https:\\\/\\\/i0.wp.com\\\/stormheliworks.se\\\/wp-content\\\/uploads\\\/2022\\\/11\\\/Recco-Belt-SM.jpg?fit=800%2C800&ssl=1\",\"contentUrl\":\"https:\\\/\\\/i0.wp.com\\\/stormheliworks.se\\\/wp-content\\\/uploads\\\/2022\\\/11\\\/Recco-Belt-SM.jpg?fit=800%2C800&ssl=1\",\"width\":800,\"height\":800},{\"@type\":\"BreadcrumbList\",\"@id\":\"https:\\\/\\\/stormheliworks.se\\\/produkt\\\/recco-belt\\\/#breadcrumb\",\"itemListElement\":[{\"@type\":\"ListItem\",\"position\":1,\"name\":\"Hem\",\"item\":\"https:\\\/\\\/stormheliworks.se\\\/\"},{\"@type\":\"ListItem\",\"position\":2,\"name\":\"Produkter\",\"item\":\"https:\\\/\\\/stormheliworks.se\\\/shop\\\/\"},{\"@type\":\"ListItem\",\"position\":3,\"name\":\"RECCO\u00ae Reflector Belt\"}]},{\"@type\":\"WebSite\",\"@id\":\"https:\\\/\\\/stormheliworks.se\\\/#website\",\"url\":\"https:\\\/\\\/stormheliworks.se\\\/\",\"name\":\"Storm Heliworks AB\",\"description\":\"Service first, safety always\",\"publisher\":{\"@id\":\"https:\\\/\\\/stormheliworks.se\\\/#organization\"},\"potentialAction\":[{\"@type\":\"SearchAction\",\"target\":{\"@type\":\"EntryPoint\",\"urlTemplate\":\"https:\\\/\\\/stormheliworks.se\\\/?s={search_term_string}\"},\"query-input\":{\"@type\":\"PropertyValueSpecification\",\"valueRequired\":true,\"valueName\":\"search_term_string\"}}],\"inLanguage\":\"en-GB\"},{\"@type\":\"Organization\",\"@id\":\"https:\\\/\\\/stormheliworks.se\\\/#organization\",\"name\":\"STORM Heliworks AB\",\"url\":\"https:\\\/\\\/stormheliworks.se\\\/\",\"logo\":{\"@type\":\"ImageObject\",\"inLanguage\":\"en-GB\",\"@id\":\"https:\\\/\\\/stormheliworks.se\\\/#\\\/schema\\\/logo\\\/image\\\/\",\"url\":\"https:\\\/\\\/stormheliworks.se\\\/wp-content\\\/uploads\\\/2019\\\/10\\\/STORM-Heliworks-Black.png\",\"contentUrl\":\"https:\\\/\\\/stormheliworks.se\\\/wp-content\\\/uploads\\\/2019\\\/10\\\/STORM-Heliworks-Black.png\",\"width\":199,\"height\":46,\"caption\":\"STORM Heliworks AB\"},\"image\":{\"@id\":\"https:\\\/\\\/stormheliworks.se\\\/#\\\/schema\\\/logo\\\/image\\\/\"}}]}<\/script>\n<!-- \/ Yoast SEO plugin. -->","yoast_head_json":{"title":"RECCO\u00ae Reflector Belt - Storm Heliworks AB","description":"Detta utomhusb\u00e4lte h\u00e5ller inte bara dina byxor uppe, det \u00e4r utrustat med tv\u00e5 RECCO\u00ae-r\u00e4ddningsreflektorer f\u00f6r att h\u00e5lla dig s\u00f6kbar.","robots":{"index":"index","follow":"follow","max-snippet":"max-snippet:-1","max-image-preview":"max-image-preview:large","max-video-preview":"max-video-preview:-1"},"canonical":"https:\/\/stormheliworks.se\/en\/product\/recco-belt\/","og_locale":"en_GB","og_type":"article","og_title":"RECCO\u00ae Reflector Belt - Storm Heliworks AB","og_description":"Detta utomhusb\u00e4lte h\u00e5ller inte bara dina byxor uppe, det \u00e4r utrustat med tv\u00e5 RECCO\u00ae-r\u00e4ddningsreflektorer f\u00f6r att h\u00e5lla dig s\u00f6kbar.","og_url":"https:\/\/stormheliworks.se\/en\/product\/recco-belt\/","og_site_name":"Storm Heliworks AB","article_modified_time":"2026-03-09T10:35:13+00:00","og_image":[{"width":800,"height":800,"url":"https:\/\/stormheliworks.se\/wp-content\/uploads\/2022\/11\/Recco-Belt-SM.jpg","type":"image\/jpeg"}],"twitter_card":"summary_large_image","twitter_misc":{"Estimated reading time":"1 minute"},"schema":{"@context":"https:\/\/schema.org","@graph":[{"@type":"WebPage","@id":"https:\/\/stormheliworks.se\/produkt\/recco-belt\/","url":"https:\/\/stormheliworks.se\/produkt\/recco-belt\/","name":"RECCO\u00ae Reflector Belt - Storm Heliworks AB","isPartOf":{"@id":"https:\/\/stormheliworks.se\/#website"},"primaryImageOfPage":{"@id":"https:\/\/stormheliworks.se\/produkt\/recco-belt\/#primaryimage"},"image":{"@id":"https:\/\/stormheliworks.se\/produkt\/recco-belt\/#primaryimage"},"thumbnailUrl":"https:\/\/i0.wp.com\/stormheliworks.se\/wp-content\/uploads\/2022\/11\/Recco-Belt-SM.jpg?fit=800%2C800&ssl=1","datePublished":"2022-11-21T15:27:53+00:00","dateModified":"2026-03-09T10:35:13+00:00","description":"Detta utomhusb\u00e4lte h\u00e5ller inte bara dina byxor uppe, det \u00e4r utrustat med tv\u00e5 RECCO\u00ae-r\u00e4ddningsreflektorer f\u00f6r att h\u00e5lla dig s\u00f6kbar.","breadcrumb":{"@id":"https:\/\/stormheliworks.se\/produkt\/recco-belt\/#breadcrumb"},"inLanguage":"en-GB","potentialAction":[{"@type":"ReadAction","target":["https:\/\/stormheliworks.se\/produkt\/recco-belt\/"]}]},{"@type":"ImageObject","inLanguage":"en-GB","@id":"https:\/\/stormheliworks.se\/produkt\/recco-belt\/#primaryimage","url":"https:\/\/i0.wp.com\/stormheliworks.se\/wp-content\/uploads\/2022\/11\/Recco-Belt-SM.jpg?fit=800%2C800&ssl=1","contentUrl":"https:\/\/i0.wp.com\/stormheliworks.se\/wp-content\/uploads\/2022\/11\/Recco-Belt-SM.jpg?fit=800%2C800&ssl=1","width":800,"height":800},{"@type":"BreadcrumbList","@id":"https:\/\/stormheliworks.se\/produkt\/recco-belt\/#breadcrumb","itemListElement":[{"@type":"ListItem","position":1,"name":"Hem","item":"https:\/\/stormheliworks.se\/"},{"@type":"ListItem","position":2,"name":"Produkter","item":"https:\/\/stormheliworks.se\/shop\/"},{"@type":"ListItem","position":3,"name":"RECCO\u00ae Reflector Belt"}]},{"@type":"WebSite","@id":"https:\/\/stormheliworks.se\/#website","url":"https:\/\/stormheliworks.se\/","name":"Storm Heliworks AB","description":"Service first, safety always","publisher":{"@id":"https:\/\/stormheliworks.se\/#organization"},"potentialAction":[{"@type":"SearchAction","target":{"@type":"EntryPoint","urlTemplate":"https:\/\/stormheliworks.se\/?s={search_term_string}"},"query-input":{"@type":"PropertyValueSpecification","valueRequired":true,"valueName":"search_term_string"}}],"inLanguage":"en-GB"},{"@type":"Organization","@id":"https:\/\/stormheliworks.se\/#organization","name":"STORM Heliworks AB","url":"https:\/\/stormheliworks.se\/","logo":{"@type":"ImageObject","inLanguage":"en-GB","@id":"https:\/\/stormheliworks.se\/#\/schema\/logo\/image\/","url":"https:\/\/stormheliworks.se\/wp-content\/uploads\/2019\/10\/STORM-Heliworks-Black.png","contentUrl":"https:\/\/stormheliworks.se\/wp-content\/uploads\/2019\/10\/STORM-Heliworks-Black.png","width":199,"height":46,"caption":"STORM Heliworks AB"},"image":{"@id":"https:\/\/stormheliworks.se\/#\/schema\/logo\/image\/"}}]}},"jetpack_sharing_enabled":true,"_links":{"self":[{"href":"https:\/\/stormheliworks.se\/en\/wp-json\/wp\/v2\/product\/6374","targetHints":{"allow":["GET"]}}],"collection":[{"href":"https:\/\/stormheliworks.se\/en\/wp-json\/wp\/v2\/product"}],"about":[{"href":"https:\/\/stormheliworks.se\/en\/wp-json\/wp\/v2\/types\/product"}],"wp:featuredmedia":[{"embeddable":true,"href":"https:\/\/stormheliworks.se\/en\/wp-json\/wp\/v2\/media\/6390"}],"wp:attachment":[{"href":"https:\/\/stormheliworks.se\/en\/wp-json\/wp\/v2\/media?parent=6374"}],"wp:term":[{"taxonomy":"product_brand","embeddable":true,"href":"https:\/\/stormheliworks.se\/en\/wp-json\/wp\/v2\/product_brand?post=6374"},{"taxonomy":"product_cat","embeddable":true,"href":"https:\/\/stormheliworks.se\/en\/wp-json\/wp\/v2\/product_cat?post=6374"},{"taxonomy":"product_tag","embeddable":true,"href":"https:\/\/stormheliworks.se\/en\/wp-json\/wp\/v2\/product_tag?post=6374"}],"curies":[{"name":"wp","href":"https:\/\/api.w.org\/{rel}","templated":true}]}}