{"id":6411,"date":"2022-11-22T18:50:07","date_gmt":"2022-11-22T17:50:07","guid":{"rendered":"https:\/\/stormheliworks.se\/?post_type=product&#038;p=6411"},"modified":"2026-02-26T07:16:20","modified_gmt":"2026-02-26T06:16:20","slug":"recco-helmet","status":"publish","type":"product","link":"https:\/\/stormheliworks.se\/en\/product\/recco-helmet\/","title":{"rendered":"RECCO\u00ae Helmet Rescue Reflector"},"content":{"rendered":"<p>RECCO\u00ae r\u00e4ddningsreflektor f\u00f6r hj\u00e4lm g\u00f6r dig s\u00f6kbar f\u00f6r r\u00e4ddningspersonal som anv\u00e4nder RECCO\u00ae detektorer i h\u00e4ndelse av en lavinolycka eller n\u00e4r du kommit vilse utomhus.<\/p>\n<p>RECCO\u00ae r\u00e4ddningsreflektor f\u00f6r hj\u00e4lm levereras med ett lim p\u00e5 undersidan och f\u00e4sts p\u00e5 hj\u00e4lmen som ett klisterm\u00e4rke. Limmet \u00e4r designat f\u00f6r alla temperaturer vinter och sommar och h\u00e5ller l\u00e4nge. Det \u00e4r viktigt att f\u00f6lja appliceringsinstruktionerna f\u00f6r att s\u00e4kerst\u00e4lla en stark bindning:<\/p>\n<ul>\n<li>Applicera reflektorn p\u00e5 en sl\u00e4t och helt rengjord yta p\u00e5 hj\u00e4lmen i rumstemperatur<\/li>\n<li>Tryck fast reflektorn ordentligt f\u00f6r att s\u00e4kerst\u00e4lla full kontakt \u00f6ver hela ytan.<\/li>\n<li>Se till att det tar minst 24 timmar f\u00f6r reflektorn att f\u00e4sta ordentligt p\u00e5 ytan.<\/li>\n<\/ul>\n<p>RECCO\u00ae-teknik f\u00f6rhindrar inte laviner eller garanterar inte \u00f6verlevnad eller lokalisering av ett offer eller f\u00f6rlorad person. Kunskap och sunt f\u00f6rnuft \u00e4r de b\u00e4sta s\u00e4tten att undvika olyckor. Respektera alltid s\u00e4kerhetsregler och f\u00f6reskrifter.<\/p>\n<p>Svart eller r\u00f6d<\/p>","protected":false},"excerpt":{"rendered":"<p>Reflektor designad f\u00f6r att f\u00e4stas p\u00e5 hj\u00e4lmar som anv\u00e4nds f\u00f6r skid\u00e5kning, snowboard, cykling, kl\u00e4ttring eller andra utomhusaktiviteter.<\/p>","protected":false},"featured_media":6392,"template":"","meta":{"_acf_changed":false},"product_brand":[],"product_cat":[71],"product_tag":[],"class_list":{"0":"post-6411","1":"product","2":"type-product","3":"status-publish","4":"has-post-thumbnail","6":"product_cat-recco","8":"first","9":"instock","10":"taxable","11":"shipping-taxable","12":"purchasable","13":"product-type-variable"},"acf":[],"yoast_head":"<!-- This site is optimized with the Yoast SEO plugin v27.4 - https:\/\/yoast.com\/product\/yoast-seo-wordpress\/ -->\n<title>RECCO\u00ae Helmet Rescue Reflector - Storm Heliworks AB<\/title>\n<meta name=\"description\" content=\"Reflektor designad f\u00f6r att f\u00e4stas p\u00e5 hj\u00e4lmar som anv\u00e4nds f\u00f6r skid\u00e5kning, snowboard, cykling, kl\u00e4ttring eller andra utomhusaktiviteter.\" \/>\n<meta name=\"robots\" content=\"index, follow, max-snippet:-1, max-image-preview:large, max-video-preview:-1\" \/>\n<link rel=\"canonical\" href=\"https:\/\/stormheliworks.se\/en\/product\/recco-helmet\/\" \/>\n<meta property=\"og:locale\" content=\"en_GB\" \/>\n<meta property=\"og:type\" content=\"article\" \/>\n<meta property=\"og:title\" content=\"RECCO\u00ae Helmet Rescue Reflector - Storm Heliworks AB\" \/>\n<meta property=\"og:description\" content=\"Reflektor designad f\u00f6r att f\u00e4stas p\u00e5 hj\u00e4lmar som anv\u00e4nds f\u00f6r skid\u00e5kning, snowboard, cykling, kl\u00e4ttring eller andra utomhusaktiviteter.\" \/>\n<meta property=\"og:url\" content=\"https:\/\/stormheliworks.se\/en\/product\/recco-helmet\/\" \/>\n<meta property=\"og:site_name\" content=\"Storm Heliworks AB\" \/>\n<meta property=\"article:modified_time\" content=\"2026-02-26T06:16:20+00:00\" \/>\n<meta property=\"og:image\" content=\"https:\/\/stormheliworks.se\/wp-content\/uploads\/2022\/11\/Recco-Helmet-Black.jpg\" \/>\n\t<meta property=\"og:image:width\" content=\"800\" \/>\n\t<meta property=\"og:image:height\" content=\"800\" \/>\n\t<meta property=\"og:image:type\" content=\"image\/jpeg\" \/>\n<meta name=\"twitter:card\" content=\"summary_large_image\" \/>\n<meta name=\"twitter:label1\" content=\"Estimated reading time\" \/>\n\t<meta name=\"twitter:data1\" content=\"1 minute\" \/>\n<script type=\"application\/ld+json\" class=\"yoast-schema-graph\">{\"@context\":\"https:\\\/\\\/schema.org\",\"@graph\":[{\"@type\":\"WebPage\",\"@id\":\"https:\\\/\\\/stormheliworks.se\\\/produkt\\\/recco-helmet\\\/\",\"url\":\"https:\\\/\\\/stormheliworks.se\\\/produkt\\\/recco-helmet\\\/\",\"name\":\"RECCO\u00ae Helmet Rescue Reflector - Storm Heliworks AB\",\"isPartOf\":{\"@id\":\"https:\\\/\\\/stormheliworks.se\\\/#website\"},\"primaryImageOfPage\":{\"@id\":\"https:\\\/\\\/stormheliworks.se\\\/produkt\\\/recco-helmet\\\/#primaryimage\"},\"image\":{\"@id\":\"https:\\\/\\\/stormheliworks.se\\\/produkt\\\/recco-helmet\\\/#primaryimage\"},\"thumbnailUrl\":\"https:\\\/\\\/i0.wp.com\\\/stormheliworks.se\\\/wp-content\\\/uploads\\\/2022\\\/11\\\/Recco-Helmet-Black.jpg?fit=800%2C800&ssl=1\",\"datePublished\":\"2022-11-22T17:50:07+00:00\",\"dateModified\":\"2026-02-26T06:16:20+00:00\",\"description\":\"Reflektor designad f\u00f6r att f\u00e4stas p\u00e5 hj\u00e4lmar som anv\u00e4nds f\u00f6r skid\u00e5kning, snowboard, cykling, kl\u00e4ttring eller andra utomhusaktiviteter.\",\"breadcrumb\":{\"@id\":\"https:\\\/\\\/stormheliworks.se\\\/produkt\\\/recco-helmet\\\/#breadcrumb\"},\"inLanguage\":\"en-GB\",\"potentialAction\":[{\"@type\":\"ReadAction\",\"target\":[\"https:\\\/\\\/stormheliworks.se\\\/produkt\\\/recco-helmet\\\/\"]}]},{\"@type\":\"ImageObject\",\"inLanguage\":\"en-GB\",\"@id\":\"https:\\\/\\\/stormheliworks.se\\\/produkt\\\/recco-helmet\\\/#primaryimage\",\"url\":\"https:\\\/\\\/i0.wp.com\\\/stormheliworks.se\\\/wp-content\\\/uploads\\\/2022\\\/11\\\/Recco-Helmet-Black.jpg?fit=800%2C800&ssl=1\",\"contentUrl\":\"https:\\\/\\\/i0.wp.com\\\/stormheliworks.se\\\/wp-content\\\/uploads\\\/2022\\\/11\\\/Recco-Helmet-Black.jpg?fit=800%2C800&ssl=1\",\"width\":800,\"height\":800},{\"@type\":\"BreadcrumbList\",\"@id\":\"https:\\\/\\\/stormheliworks.se\\\/produkt\\\/recco-helmet\\\/#breadcrumb\",\"itemListElement\":[{\"@type\":\"ListItem\",\"position\":1,\"name\":\"Hem\",\"item\":\"https:\\\/\\\/stormheliworks.se\\\/\"},{\"@type\":\"ListItem\",\"position\":2,\"name\":\"Produkter\",\"item\":\"https:\\\/\\\/stormheliworks.se\\\/shop\\\/\"},{\"@type\":\"ListItem\",\"position\":3,\"name\":\"RECCO\u00ae Helmet Rescue Reflector\"}]},{\"@type\":\"WebSite\",\"@id\":\"https:\\\/\\\/stormheliworks.se\\\/#website\",\"url\":\"https:\\\/\\\/stormheliworks.se\\\/\",\"name\":\"Storm Heliworks AB\",\"description\":\"Service first, safety always\",\"publisher\":{\"@id\":\"https:\\\/\\\/stormheliworks.se\\\/#organization\"},\"potentialAction\":[{\"@type\":\"SearchAction\",\"target\":{\"@type\":\"EntryPoint\",\"urlTemplate\":\"https:\\\/\\\/stormheliworks.se\\\/?s={search_term_string}\"},\"query-input\":{\"@type\":\"PropertyValueSpecification\",\"valueRequired\":true,\"valueName\":\"search_term_string\"}}],\"inLanguage\":\"en-GB\"},{\"@type\":\"Organization\",\"@id\":\"https:\\\/\\\/stormheliworks.se\\\/#organization\",\"name\":\"STORM Heliworks AB\",\"url\":\"https:\\\/\\\/stormheliworks.se\\\/\",\"logo\":{\"@type\":\"ImageObject\",\"inLanguage\":\"en-GB\",\"@id\":\"https:\\\/\\\/stormheliworks.se\\\/#\\\/schema\\\/logo\\\/image\\\/\",\"url\":\"https:\\\/\\\/stormheliworks.se\\\/wp-content\\\/uploads\\\/2019\\\/10\\\/STORM-Heliworks-Black.png\",\"contentUrl\":\"https:\\\/\\\/stormheliworks.se\\\/wp-content\\\/uploads\\\/2019\\\/10\\\/STORM-Heliworks-Black.png\",\"width\":199,\"height\":46,\"caption\":\"STORM Heliworks AB\"},\"image\":{\"@id\":\"https:\\\/\\\/stormheliworks.se\\\/#\\\/schema\\\/logo\\\/image\\\/\"}}]}<\/script>\n<!-- \/ Yoast SEO plugin. -->","yoast_head_json":{"title":"RECCO\u00ae Helmet Rescue Reflector - Storm Heliworks AB","description":"Reflektor designad f\u00f6r att f\u00e4stas p\u00e5 hj\u00e4lmar som anv\u00e4nds f\u00f6r skid\u00e5kning, snowboard, cykling, kl\u00e4ttring eller andra utomhusaktiviteter.","robots":{"index":"index","follow":"follow","max-snippet":"max-snippet:-1","max-image-preview":"max-image-preview:large","max-video-preview":"max-video-preview:-1"},"canonical":"https:\/\/stormheliworks.se\/en\/product\/recco-helmet\/","og_locale":"en_GB","og_type":"article","og_title":"RECCO\u00ae Helmet Rescue Reflector - Storm Heliworks AB","og_description":"Reflektor designad f\u00f6r att f\u00e4stas p\u00e5 hj\u00e4lmar som anv\u00e4nds f\u00f6r skid\u00e5kning, snowboard, cykling, kl\u00e4ttring eller andra utomhusaktiviteter.","og_url":"https:\/\/stormheliworks.se\/en\/product\/recco-helmet\/","og_site_name":"Storm Heliworks AB","article_modified_time":"2026-02-26T06:16:20+00:00","og_image":[{"width":800,"height":800,"url":"https:\/\/stormheliworks.se\/wp-content\/uploads\/2022\/11\/Recco-Helmet-Black.jpg","type":"image\/jpeg"}],"twitter_card":"summary_large_image","twitter_misc":{"Estimated reading time":"1 minute"},"schema":{"@context":"https:\/\/schema.org","@graph":[{"@type":"WebPage","@id":"https:\/\/stormheliworks.se\/produkt\/recco-helmet\/","url":"https:\/\/stormheliworks.se\/produkt\/recco-helmet\/","name":"RECCO\u00ae Helmet Rescue Reflector - Storm Heliworks AB","isPartOf":{"@id":"https:\/\/stormheliworks.se\/#website"},"primaryImageOfPage":{"@id":"https:\/\/stormheliworks.se\/produkt\/recco-helmet\/#primaryimage"},"image":{"@id":"https:\/\/stormheliworks.se\/produkt\/recco-helmet\/#primaryimage"},"thumbnailUrl":"https:\/\/i0.wp.com\/stormheliworks.se\/wp-content\/uploads\/2022\/11\/Recco-Helmet-Black.jpg?fit=800%2C800&ssl=1","datePublished":"2022-11-22T17:50:07+00:00","dateModified":"2026-02-26T06:16:20+00:00","description":"Reflektor designad f\u00f6r att f\u00e4stas p\u00e5 hj\u00e4lmar som anv\u00e4nds f\u00f6r skid\u00e5kning, snowboard, cykling, kl\u00e4ttring eller andra utomhusaktiviteter.","breadcrumb":{"@id":"https:\/\/stormheliworks.se\/produkt\/recco-helmet\/#breadcrumb"},"inLanguage":"en-GB","potentialAction":[{"@type":"ReadAction","target":["https:\/\/stormheliworks.se\/produkt\/recco-helmet\/"]}]},{"@type":"ImageObject","inLanguage":"en-GB","@id":"https:\/\/stormheliworks.se\/produkt\/recco-helmet\/#primaryimage","url":"https:\/\/i0.wp.com\/stormheliworks.se\/wp-content\/uploads\/2022\/11\/Recco-Helmet-Black.jpg?fit=800%2C800&ssl=1","contentUrl":"https:\/\/i0.wp.com\/stormheliworks.se\/wp-content\/uploads\/2022\/11\/Recco-Helmet-Black.jpg?fit=800%2C800&ssl=1","width":800,"height":800},{"@type":"BreadcrumbList","@id":"https:\/\/stormheliworks.se\/produkt\/recco-helmet\/#breadcrumb","itemListElement":[{"@type":"ListItem","position":1,"name":"Hem","item":"https:\/\/stormheliworks.se\/"},{"@type":"ListItem","position":2,"name":"Produkter","item":"https:\/\/stormheliworks.se\/shop\/"},{"@type":"ListItem","position":3,"name":"RECCO\u00ae Helmet Rescue Reflector"}]},{"@type":"WebSite","@id":"https:\/\/stormheliworks.se\/#website","url":"https:\/\/stormheliworks.se\/","name":"Storm Heliworks AB","description":"Service first, safety always","publisher":{"@id":"https:\/\/stormheliworks.se\/#organization"},"potentialAction":[{"@type":"SearchAction","target":{"@type":"EntryPoint","urlTemplate":"https:\/\/stormheliworks.se\/?s={search_term_string}"},"query-input":{"@type":"PropertyValueSpecification","valueRequired":true,"valueName":"search_term_string"}}],"inLanguage":"en-GB"},{"@type":"Organization","@id":"https:\/\/stormheliworks.se\/#organization","name":"STORM Heliworks AB","url":"https:\/\/stormheliworks.se\/","logo":{"@type":"ImageObject","inLanguage":"en-GB","@id":"https:\/\/stormheliworks.se\/#\/schema\/logo\/image\/","url":"https:\/\/stormheliworks.se\/wp-content\/uploads\/2019\/10\/STORM-Heliworks-Black.png","contentUrl":"https:\/\/stormheliworks.se\/wp-content\/uploads\/2019\/10\/STORM-Heliworks-Black.png","width":199,"height":46,"caption":"STORM Heliworks AB"},"image":{"@id":"https:\/\/stormheliworks.se\/#\/schema\/logo\/image\/"}}]}},"jetpack_sharing_enabled":true,"_links":{"self":[{"href":"https:\/\/stormheliworks.se\/en\/wp-json\/wp\/v2\/product\/6411","targetHints":{"allow":["GET"]}}],"collection":[{"href":"https:\/\/stormheliworks.se\/en\/wp-json\/wp\/v2\/product"}],"about":[{"href":"https:\/\/stormheliworks.se\/en\/wp-json\/wp\/v2\/types\/product"}],"wp:featuredmedia":[{"embeddable":true,"href":"https:\/\/stormheliworks.se\/en\/wp-json\/wp\/v2\/media\/6392"}],"wp:attachment":[{"href":"https:\/\/stormheliworks.se\/en\/wp-json\/wp\/v2\/media?parent=6411"}],"wp:term":[{"taxonomy":"product_brand","embeddable":true,"href":"https:\/\/stormheliworks.se\/en\/wp-json\/wp\/v2\/product_brand?post=6411"},{"taxonomy":"product_cat","embeddable":true,"href":"https:\/\/stormheliworks.se\/en\/wp-json\/wp\/v2\/product_cat?post=6411"},{"taxonomy":"product_tag","embeddable":true,"href":"https:\/\/stormheliworks.se\/en\/wp-json\/wp\/v2\/product_tag?post=6411"}],"curies":[{"name":"wp","href":"https:\/\/api.w.org\/{rel}","templated":true}]}}