{"id":6417,"date":"2022-11-22T19:02:11","date_gmt":"2022-11-22T18:02:11","guid":{"rendered":"https:\/\/stormheliworks.se\/?post_type=product&#038;p=6417"},"modified":"2026-02-26T07:15:40","modified_gmt":"2026-02-26T06:15:40","slug":"recco-backpack","status":"publish","type":"product","link":"https:\/\/stormheliworks.se\/en\/product\/recco-backpack\/","title":{"rendered":"RECCO\u00ae Backpack Rescue Reflector"},"content":{"rendered":"<p>RECCO\u00ae r\u00e4ddningsreflektor f\u00f6r ryggs\u00e4ck g\u00f6r dig s\u00f6kbar f\u00f6r r\u00e4ddningspersonal som anv\u00e4nder RECCO\u00ae detektorer i h\u00e4ndelse av en lavinolycka eller n\u00e4r du kommit vilse utomhus.<\/p>\n<p>R\u00e4ddningsreflektorn har designats speciellt f\u00f6r anv\u00e4ndning p\u00e5 b\u00e4rremmar p\u00e5 ryggs\u00e4ckar och \u00e4r fr\u00e4mst avsedd f\u00f6r anv\u00e4ndning p\u00e5 sommaren, f\u00f6r att kunna lokaliseras med helikopter om den f\u00f6rsvinner.<\/p>\n<p>OBS: Vid anv\u00e4ndning av r\u00e4ddningsreflektorn i omr\u00e5den med lavinfara vintertid, \u00e4r det viktigt att reflektorn endast anv\u00e4nds p\u00e5 ryggs\u00e4ckar som s\u00e4kras som lavinryggs\u00e4ck med ben\u00f6gla, eftersom en lossad ryggs\u00e4ck med reflektor kan leda till en falsk signal i en lavin.\u00a0Applicera endast r\u00e4ddningsreflektorn p\u00e5 ryggs\u00e4ckens handtag.<\/p>\n<p>RECCO\u00ae-teknik f\u00f6rhindrar inte laviner eller garanterar inte \u00f6verlevnad eller lokalisering av ett offer eller f\u00f6rlorad person. Kunskap och sunt f\u00f6rnuft \u00e4r de b\u00e4sta s\u00e4tten att undvika olyckor. Respektera alltid s\u00e4kerhetsregler och f\u00f6reskrifter.<\/p>\n<p>Svart eller r\u00f6d<\/p>","protected":false},"excerpt":{"rendered":"<p>Reflektor som enkelt f\u00e4sts p\u00e5 din ryggs\u00e4ck, f\u00f6r att g\u00f6ra dig s\u00f6kbar f\u00f6r r\u00e4ddningspersonal n\u00e4r du \u00e4r p\u00e5 \u00e4ventyr ute i naturen.<\/p>","protected":false},"featured_media":6384,"template":"","meta":{"_acf_changed":false},"product_brand":[],"product_cat":[71],"product_tag":[],"class_list":{"0":"post-6417","1":"product","2":"type-product","3":"status-publish","4":"has-post-thumbnail","6":"product_cat-recco","8":"first","9":"instock","10":"taxable","11":"shipping-taxable","12":"purchasable","13":"product-type-variable"},"acf":[],"yoast_head":"<!-- This site is optimized with the Yoast SEO plugin v27.4 - https:\/\/yoast.com\/product\/yoast-seo-wordpress\/ -->\n<title>RECCO\u00ae Backpack Rescue Reflector - Storm Heliworks AB<\/title>\n<meta name=\"description\" content=\"Reflektor som enkelt f\u00e4sts p\u00e5 din ryggs\u00e4ck, f\u00f6r att g\u00f6ra dig s\u00f6kbar f\u00f6r r\u00e4ddningspersonal n\u00e4r du \u00e4r p\u00e5 \u00e4ventyr ute i naturen.\" \/>\n<meta name=\"robots\" content=\"index, follow, max-snippet:-1, max-image-preview:large, max-video-preview:-1\" \/>\n<link rel=\"canonical\" href=\"https:\/\/stormheliworks.se\/en\/product\/recco-backpack\/\" \/>\n<meta property=\"og:locale\" content=\"en_GB\" \/>\n<meta property=\"og:type\" content=\"article\" \/>\n<meta property=\"og:title\" content=\"RECCO\u00ae Backpack Rescue Reflector - Storm Heliworks AB\" \/>\n<meta property=\"og:description\" content=\"Reflektor som enkelt f\u00e4sts p\u00e5 din ryggs\u00e4ck, f\u00f6r att g\u00f6ra dig s\u00f6kbar f\u00f6r r\u00e4ddningspersonal n\u00e4r du \u00e4r p\u00e5 \u00e4ventyr ute i naturen.\" \/>\n<meta property=\"og:url\" content=\"https:\/\/stormheliworks.se\/en\/product\/recco-backpack\/\" \/>\n<meta property=\"og:site_name\" content=\"Storm Heliworks AB\" \/>\n<meta property=\"article:modified_time\" content=\"2026-02-26T06:15:40+00:00\" \/>\n<meta property=\"og:image\" content=\"https:\/\/stormheliworks.se\/wp-content\/uploads\/2022\/11\/Recco-Backpack-Black.jpg\" \/>\n\t<meta property=\"og:image:width\" content=\"800\" \/>\n\t<meta property=\"og:image:height\" content=\"800\" \/>\n\t<meta property=\"og:image:type\" content=\"image\/jpeg\" \/>\n<meta name=\"twitter:card\" content=\"summary_large_image\" \/>\n<meta name=\"twitter:label1\" content=\"Estimated reading time\" \/>\n\t<meta name=\"twitter:data1\" content=\"1 minute\" \/>\n<script type=\"application\/ld+json\" class=\"yoast-schema-graph\">{\"@context\":\"https:\\\/\\\/schema.org\",\"@graph\":[{\"@type\":\"WebPage\",\"@id\":\"https:\\\/\\\/stormheliworks.se\\\/produkt\\\/recco-backpack\\\/\",\"url\":\"https:\\\/\\\/stormheliworks.se\\\/produkt\\\/recco-backpack\\\/\",\"name\":\"RECCO\u00ae Backpack Rescue Reflector - Storm Heliworks AB\",\"isPartOf\":{\"@id\":\"https:\\\/\\\/stormheliworks.se\\\/#website\"},\"primaryImageOfPage\":{\"@id\":\"https:\\\/\\\/stormheliworks.se\\\/produkt\\\/recco-backpack\\\/#primaryimage\"},\"image\":{\"@id\":\"https:\\\/\\\/stormheliworks.se\\\/produkt\\\/recco-backpack\\\/#primaryimage\"},\"thumbnailUrl\":\"https:\\\/\\\/i0.wp.com\\\/stormheliworks.se\\\/wp-content\\\/uploads\\\/2022\\\/11\\\/Recco-Backpack-Black.jpg?fit=800%2C800&ssl=1\",\"datePublished\":\"2022-11-22T18:02:11+00:00\",\"dateModified\":\"2026-02-26T06:15:40+00:00\",\"description\":\"Reflektor som enkelt f\u00e4sts p\u00e5 din ryggs\u00e4ck, f\u00f6r att g\u00f6ra dig s\u00f6kbar f\u00f6r r\u00e4ddningspersonal n\u00e4r du \u00e4r p\u00e5 \u00e4ventyr ute i naturen.\",\"breadcrumb\":{\"@id\":\"https:\\\/\\\/stormheliworks.se\\\/produkt\\\/recco-backpack\\\/#breadcrumb\"},\"inLanguage\":\"en-GB\",\"potentialAction\":[{\"@type\":\"ReadAction\",\"target\":[\"https:\\\/\\\/stormheliworks.se\\\/produkt\\\/recco-backpack\\\/\"]}]},{\"@type\":\"ImageObject\",\"inLanguage\":\"en-GB\",\"@id\":\"https:\\\/\\\/stormheliworks.se\\\/produkt\\\/recco-backpack\\\/#primaryimage\",\"url\":\"https:\\\/\\\/i0.wp.com\\\/stormheliworks.se\\\/wp-content\\\/uploads\\\/2022\\\/11\\\/Recco-Backpack-Black.jpg?fit=800%2C800&ssl=1\",\"contentUrl\":\"https:\\\/\\\/i0.wp.com\\\/stormheliworks.se\\\/wp-content\\\/uploads\\\/2022\\\/11\\\/Recco-Backpack-Black.jpg?fit=800%2C800&ssl=1\",\"width\":800,\"height\":800},{\"@type\":\"BreadcrumbList\",\"@id\":\"https:\\\/\\\/stormheliworks.se\\\/produkt\\\/recco-backpack\\\/#breadcrumb\",\"itemListElement\":[{\"@type\":\"ListItem\",\"position\":1,\"name\":\"Hem\",\"item\":\"https:\\\/\\\/stormheliworks.se\\\/\"},{\"@type\":\"ListItem\",\"position\":2,\"name\":\"Produkter\",\"item\":\"https:\\\/\\\/stormheliworks.se\\\/shop\\\/\"},{\"@type\":\"ListItem\",\"position\":3,\"name\":\"RECCO\u00ae Backpack Rescue Reflector\"}]},{\"@type\":\"WebSite\",\"@id\":\"https:\\\/\\\/stormheliworks.se\\\/#website\",\"url\":\"https:\\\/\\\/stormheliworks.se\\\/\",\"name\":\"Storm Heliworks AB\",\"description\":\"Service first, safety always\",\"publisher\":{\"@id\":\"https:\\\/\\\/stormheliworks.se\\\/#organization\"},\"potentialAction\":[{\"@type\":\"SearchAction\",\"target\":{\"@type\":\"EntryPoint\",\"urlTemplate\":\"https:\\\/\\\/stormheliworks.se\\\/?s={search_term_string}\"},\"query-input\":{\"@type\":\"PropertyValueSpecification\",\"valueRequired\":true,\"valueName\":\"search_term_string\"}}],\"inLanguage\":\"en-GB\"},{\"@type\":\"Organization\",\"@id\":\"https:\\\/\\\/stormheliworks.se\\\/#organization\",\"name\":\"STORM Heliworks AB\",\"url\":\"https:\\\/\\\/stormheliworks.se\\\/\",\"logo\":{\"@type\":\"ImageObject\",\"inLanguage\":\"en-GB\",\"@id\":\"https:\\\/\\\/stormheliworks.se\\\/#\\\/schema\\\/logo\\\/image\\\/\",\"url\":\"https:\\\/\\\/stormheliworks.se\\\/wp-content\\\/uploads\\\/2019\\\/10\\\/STORM-Heliworks-Black.png\",\"contentUrl\":\"https:\\\/\\\/stormheliworks.se\\\/wp-content\\\/uploads\\\/2019\\\/10\\\/STORM-Heliworks-Black.png\",\"width\":199,\"height\":46,\"caption\":\"STORM Heliworks AB\"},\"image\":{\"@id\":\"https:\\\/\\\/stormheliworks.se\\\/#\\\/schema\\\/logo\\\/image\\\/\"}}]}<\/script>\n<!-- \/ Yoast SEO plugin. -->","yoast_head_json":{"title":"RECCO\u00ae Backpack Rescue Reflector - Storm Heliworks AB","description":"Reflektor som enkelt f\u00e4sts p\u00e5 din ryggs\u00e4ck, f\u00f6r att g\u00f6ra dig s\u00f6kbar f\u00f6r r\u00e4ddningspersonal n\u00e4r du \u00e4r p\u00e5 \u00e4ventyr ute i naturen.","robots":{"index":"index","follow":"follow","max-snippet":"max-snippet:-1","max-image-preview":"max-image-preview:large","max-video-preview":"max-video-preview:-1"},"canonical":"https:\/\/stormheliworks.se\/en\/product\/recco-backpack\/","og_locale":"en_GB","og_type":"article","og_title":"RECCO\u00ae Backpack Rescue Reflector - Storm Heliworks AB","og_description":"Reflektor som enkelt f\u00e4sts p\u00e5 din ryggs\u00e4ck, f\u00f6r att g\u00f6ra dig s\u00f6kbar f\u00f6r r\u00e4ddningspersonal n\u00e4r du \u00e4r p\u00e5 \u00e4ventyr ute i naturen.","og_url":"https:\/\/stormheliworks.se\/en\/product\/recco-backpack\/","og_site_name":"Storm Heliworks AB","article_modified_time":"2026-02-26T06:15:40+00:00","og_image":[{"width":800,"height":800,"url":"https:\/\/stormheliworks.se\/wp-content\/uploads\/2022\/11\/Recco-Backpack-Black.jpg","type":"image\/jpeg"}],"twitter_card":"summary_large_image","twitter_misc":{"Estimated reading time":"1 minute"},"schema":{"@context":"https:\/\/schema.org","@graph":[{"@type":"WebPage","@id":"https:\/\/stormheliworks.se\/produkt\/recco-backpack\/","url":"https:\/\/stormheliworks.se\/produkt\/recco-backpack\/","name":"RECCO\u00ae Backpack Rescue Reflector - Storm Heliworks AB","isPartOf":{"@id":"https:\/\/stormheliworks.se\/#website"},"primaryImageOfPage":{"@id":"https:\/\/stormheliworks.se\/produkt\/recco-backpack\/#primaryimage"},"image":{"@id":"https:\/\/stormheliworks.se\/produkt\/recco-backpack\/#primaryimage"},"thumbnailUrl":"https:\/\/i0.wp.com\/stormheliworks.se\/wp-content\/uploads\/2022\/11\/Recco-Backpack-Black.jpg?fit=800%2C800&ssl=1","datePublished":"2022-11-22T18:02:11+00:00","dateModified":"2026-02-26T06:15:40+00:00","description":"Reflektor som enkelt f\u00e4sts p\u00e5 din ryggs\u00e4ck, f\u00f6r att g\u00f6ra dig s\u00f6kbar f\u00f6r r\u00e4ddningspersonal n\u00e4r du \u00e4r p\u00e5 \u00e4ventyr ute i naturen.","breadcrumb":{"@id":"https:\/\/stormheliworks.se\/produkt\/recco-backpack\/#breadcrumb"},"inLanguage":"en-GB","potentialAction":[{"@type":"ReadAction","target":["https:\/\/stormheliworks.se\/produkt\/recco-backpack\/"]}]},{"@type":"ImageObject","inLanguage":"en-GB","@id":"https:\/\/stormheliworks.se\/produkt\/recco-backpack\/#primaryimage","url":"https:\/\/i0.wp.com\/stormheliworks.se\/wp-content\/uploads\/2022\/11\/Recco-Backpack-Black.jpg?fit=800%2C800&ssl=1","contentUrl":"https:\/\/i0.wp.com\/stormheliworks.se\/wp-content\/uploads\/2022\/11\/Recco-Backpack-Black.jpg?fit=800%2C800&ssl=1","width":800,"height":800},{"@type":"BreadcrumbList","@id":"https:\/\/stormheliworks.se\/produkt\/recco-backpack\/#breadcrumb","itemListElement":[{"@type":"ListItem","position":1,"name":"Hem","item":"https:\/\/stormheliworks.se\/"},{"@type":"ListItem","position":2,"name":"Produkter","item":"https:\/\/stormheliworks.se\/shop\/"},{"@type":"ListItem","position":3,"name":"RECCO\u00ae Backpack Rescue Reflector"}]},{"@type":"WebSite","@id":"https:\/\/stormheliworks.se\/#website","url":"https:\/\/stormheliworks.se\/","name":"Storm Heliworks AB","description":"Service first, safety always","publisher":{"@id":"https:\/\/stormheliworks.se\/#organization"},"potentialAction":[{"@type":"SearchAction","target":{"@type":"EntryPoint","urlTemplate":"https:\/\/stormheliworks.se\/?s={search_term_string}"},"query-input":{"@type":"PropertyValueSpecification","valueRequired":true,"valueName":"search_term_string"}}],"inLanguage":"en-GB"},{"@type":"Organization","@id":"https:\/\/stormheliworks.se\/#organization","name":"STORM Heliworks AB","url":"https:\/\/stormheliworks.se\/","logo":{"@type":"ImageObject","inLanguage":"en-GB","@id":"https:\/\/stormheliworks.se\/#\/schema\/logo\/image\/","url":"https:\/\/stormheliworks.se\/wp-content\/uploads\/2019\/10\/STORM-Heliworks-Black.png","contentUrl":"https:\/\/stormheliworks.se\/wp-content\/uploads\/2019\/10\/STORM-Heliworks-Black.png","width":199,"height":46,"caption":"STORM Heliworks AB"},"image":{"@id":"https:\/\/stormheliworks.se\/#\/schema\/logo\/image\/"}}]}},"jetpack_sharing_enabled":true,"_links":{"self":[{"href":"https:\/\/stormheliworks.se\/en\/wp-json\/wp\/v2\/product\/6417","targetHints":{"allow":["GET"]}}],"collection":[{"href":"https:\/\/stormheliworks.se\/en\/wp-json\/wp\/v2\/product"}],"about":[{"href":"https:\/\/stormheliworks.se\/en\/wp-json\/wp\/v2\/types\/product"}],"wp:featuredmedia":[{"embeddable":true,"href":"https:\/\/stormheliworks.se\/en\/wp-json\/wp\/v2\/media\/6384"}],"wp:attachment":[{"href":"https:\/\/stormheliworks.se\/en\/wp-json\/wp\/v2\/media?parent=6417"}],"wp:term":[{"taxonomy":"product_brand","embeddable":true,"href":"https:\/\/stormheliworks.se\/en\/wp-json\/wp\/v2\/product_brand?post=6417"},{"taxonomy":"product_cat","embeddable":true,"href":"https:\/\/stormheliworks.se\/en\/wp-json\/wp\/v2\/product_cat?post=6417"},{"taxonomy":"product_tag","embeddable":true,"href":"https:\/\/stormheliworks.se\/en\/wp-json\/wp\/v2\/product_tag?post=6417"}],"curies":[{"name":"wp","href":"https:\/\/api.w.org\/{rel}","templated":true}]}}