{"id":6986,"date":"2024-04-11T17:29:03","date_gmt":"2024-04-11T15:29:03","guid":{"rendered":"https:\/\/stormheliworks.se\/?post_type=product&#038;p=6986"},"modified":"2025-06-03T22:22:58","modified_gmt":"2025-06-03T20:22:58","slug":"lake-victoria","status":"publish","type":"product","link":"https:\/\/stormheliworks.se\/en\/product\/lake-victoria\/","title":{"rendered":"Lake Victoria fr\u00e5n Tripoint"},"content":{"rendered":"<p>Lyft b\u00e5de din prestation och stil med Lake Victoria sportglas\u00f6gon. Upplev toppen av innovation f\u00f6r sportglas\u00f6gon med den modell, tillverkad f\u00f6r att utm\u00e4rka sig inom snabba sporter som mountainbike, landsv\u00e4gscykling och skid\u00e5kning. Lake Victoria f\u00f6renar s\u00f6ml\u00f6st funktion, mode och milj\u00f6.<\/p>\n<p>Den omslutande linsen har 100 % UV-skydd, ger ett o\u00f6vertr\u00e4ffat skydd mot vind och hinder och erbjuder en blandning av elegans och prestanda. Polykarbonatlinsen ger perifert seende, klarhet, h\u00f6g slagt\u00e5lighet och \u00e4r graverad med STORM Heliworks logotyp.<\/p>\n<p>B\u00e5gen \u00e4r tillverkad av 45% organisk polyamid. Detta s\u00e4kerst\u00e4ller flexibilitet, medan dess st\u00f6tt\u00e5lighet garanterar l\u00e5ng livsl\u00e4ngd.<\/p>\n<p>Levereras med f\u00f6rvaringsp\u00e5se och reng\u00f6ringsduk.<br \/>\nBl\u00e5 lins, med svart eller vit b\u00e5ge<\/p>\n<p>Modellen uppfyller standarderna EN ISO 12312-1, AS\/NZS 1067 &amp; ANSI Z80.3 f\u00f6r solglas\u00f6gon.<\/p>","protected":false},"excerpt":{"rendered":"<p>Lyft b\u00e5de din prestation och stil med Lake Victoria sportglas\u00f6gon. Upplev toppen av innovation f\u00f6r sportglas\u00f6gon med den modell, tillverkad f\u00f6r att utm\u00e4rka sig inom snabba sporter som mountainbike, landsv\u00e4gscykling och skid\u00e5kning. Lake Victoria f\u00f6renar s\u00f6ml\u00f6st funktion, mode och milj\u00f6.<\/p>","protected":false},"featured_media":7001,"template":"","meta":{"_acf_changed":false},"product_brand":[],"product_cat":[66],"product_tag":[],"class_list":{"0":"post-6986","1":"product","2":"type-product","3":"status-publish","4":"has-post-thumbnail","6":"product_cat-glasogon","8":"first","9":"instock","10":"taxable","11":"shipping-taxable","12":"purchasable","13":"product-type-variable","14":"has-default-attributes"},"acf":[],"yoast_head":"<!-- This site is optimized with the Yoast SEO plugin v27.3 - https:\/\/yoast.com\/product\/yoast-seo-wordpress\/ -->\n<title>Lake Victoria fr\u00e5n Tripoint - Storm Heliworks AB<\/title>\n<meta name=\"description\" content=\"Lyft b\u00e5de din prestation och stil med Lake Victoria sportglas\u00f6gon. Upplev toppen av innovation f\u00f6r sportglas\u00f6gon med den modell, tillverkad f\u00f6r att utm\u00e4rka sig inom snabba sporter som mountainbike, landsv\u00e4gscykling och skid\u00e5kning. Lake Victoria f\u00f6renar s\u00f6ml\u00f6st funktion, mode och milj\u00f6.\" \/>\n<meta name=\"robots\" content=\"index, follow, max-snippet:-1, max-image-preview:large, max-video-preview:-1\" \/>\n<link rel=\"canonical\" href=\"https:\/\/stormheliworks.se\/en\/product\/lake-victoria\/\" \/>\n<meta property=\"og:locale\" content=\"en_GB\" \/>\n<meta property=\"og:type\" content=\"article\" \/>\n<meta property=\"og:title\" content=\"Lake Victoria fr\u00e5n Tripoint - Storm Heliworks AB\" \/>\n<meta property=\"og:description\" content=\"Lyft b\u00e5de din prestation och stil med Lake Victoria sportglas\u00f6gon. Upplev toppen av innovation f\u00f6r sportglas\u00f6gon med den modell, tillverkad f\u00f6r att utm\u00e4rka sig inom snabba sporter som mountainbike, landsv\u00e4gscykling och skid\u00e5kning. Lake Victoria f\u00f6renar s\u00f6ml\u00f6st funktion, mode och milj\u00f6.\" \/>\n<meta property=\"og:url\" content=\"https:\/\/stormheliworks.se\/en\/product\/lake-victoria\/\" \/>\n<meta property=\"og:site_name\" content=\"Storm Heliworks AB\" \/>\n<meta property=\"article:modified_time\" content=\"2025-06-03T20:22:58+00:00\" \/>\n<meta property=\"og:image\" content=\"https:\/\/stormheliworks.se\/wp-content\/uploads\/2024\/04\/Tripoint_lakevictoria_black.jpg\" \/>\n\t<meta property=\"og:image:width\" content=\"1667\" \/>\n\t<meta property=\"og:image:height\" content=\"1667\" \/>\n\t<meta property=\"og:image:type\" content=\"image\/jpeg\" \/>\n<meta name=\"twitter:card\" content=\"summary_large_image\" \/>\n<meta name=\"twitter:label1\" content=\"Estimated reading time\" \/>\n\t<meta name=\"twitter:data1\" content=\"1 minute\" \/>\n<script type=\"application\/ld+json\" class=\"yoast-schema-graph\">{\"@context\":\"https:\\\/\\\/schema.org\",\"@graph\":[{\"@type\":\"WebPage\",\"@id\":\"https:\\\/\\\/stormheliworks.se\\\/produkt\\\/lake-victoria\\\/\",\"url\":\"https:\\\/\\\/stormheliworks.se\\\/produkt\\\/lake-victoria\\\/\",\"name\":\"Lake Victoria fr\u00e5n Tripoint - Storm Heliworks AB\",\"isPartOf\":{\"@id\":\"https:\\\/\\\/stormheliworks.se\\\/#website\"},\"primaryImageOfPage\":{\"@id\":\"https:\\\/\\\/stormheliworks.se\\\/produkt\\\/lake-victoria\\\/#primaryimage\"},\"image\":{\"@id\":\"https:\\\/\\\/stormheliworks.se\\\/produkt\\\/lake-victoria\\\/#primaryimage\"},\"thumbnailUrl\":\"https:\\\/\\\/i0.wp.com\\\/stormheliworks.se\\\/wp-content\\\/uploads\\\/2024\\\/04\\\/Tripoint_lakevictoria_black.jpg?fit=1667%2C1667&ssl=1\",\"datePublished\":\"2024-04-11T15:29:03+00:00\",\"dateModified\":\"2025-06-03T20:22:58+00:00\",\"description\":\"Lyft b\u00e5de din prestation och stil med Lake Victoria sportglas\u00f6gon. Upplev toppen av innovation f\u00f6r sportglas\u00f6gon med den modell, tillverkad f\u00f6r att utm\u00e4rka sig inom snabba sporter som mountainbike, landsv\u00e4gscykling och skid\u00e5kning. Lake Victoria f\u00f6renar s\u00f6ml\u00f6st funktion, mode och milj\u00f6.\",\"breadcrumb\":{\"@id\":\"https:\\\/\\\/stormheliworks.se\\\/produkt\\\/lake-victoria\\\/#breadcrumb\"},\"inLanguage\":\"en-GB\",\"potentialAction\":[{\"@type\":\"ReadAction\",\"target\":[\"https:\\\/\\\/stormheliworks.se\\\/produkt\\\/lake-victoria\\\/\"]}]},{\"@type\":\"ImageObject\",\"inLanguage\":\"en-GB\",\"@id\":\"https:\\\/\\\/stormheliworks.se\\\/produkt\\\/lake-victoria\\\/#primaryimage\",\"url\":\"https:\\\/\\\/i0.wp.com\\\/stormheliworks.se\\\/wp-content\\\/uploads\\\/2024\\\/04\\\/Tripoint_lakevictoria_black.jpg?fit=1667%2C1667&ssl=1\",\"contentUrl\":\"https:\\\/\\\/i0.wp.com\\\/stormheliworks.se\\\/wp-content\\\/uploads\\\/2024\\\/04\\\/Tripoint_lakevictoria_black.jpg?fit=1667%2C1667&ssl=1\",\"width\":1667,\"height\":1667},{\"@type\":\"BreadcrumbList\",\"@id\":\"https:\\\/\\\/stormheliworks.se\\\/produkt\\\/lake-victoria\\\/#breadcrumb\",\"itemListElement\":[{\"@type\":\"ListItem\",\"position\":1,\"name\":\"Hem\",\"item\":\"https:\\\/\\\/stormheliworks.se\\\/\"},{\"@type\":\"ListItem\",\"position\":2,\"name\":\"Produkter\",\"item\":\"https:\\\/\\\/stormheliworks.se\\\/shop\\\/\"},{\"@type\":\"ListItem\",\"position\":3,\"name\":\"Lake Victoria fr\u00e5n Tripoint\"}]},{\"@type\":\"WebSite\",\"@id\":\"https:\\\/\\\/stormheliworks.se\\\/#website\",\"url\":\"https:\\\/\\\/stormheliworks.se\\\/\",\"name\":\"Storm Heliworks AB\",\"description\":\"Service first, safety always\",\"publisher\":{\"@id\":\"https:\\\/\\\/stormheliworks.se\\\/#organization\"},\"potentialAction\":[{\"@type\":\"SearchAction\",\"target\":{\"@type\":\"EntryPoint\",\"urlTemplate\":\"https:\\\/\\\/stormheliworks.se\\\/?s={search_term_string}\"},\"query-input\":{\"@type\":\"PropertyValueSpecification\",\"valueRequired\":true,\"valueName\":\"search_term_string\"}}],\"inLanguage\":\"en-GB\"},{\"@type\":\"Organization\",\"@id\":\"https:\\\/\\\/stormheliworks.se\\\/#organization\",\"name\":\"STORM Heliworks AB\",\"url\":\"https:\\\/\\\/stormheliworks.se\\\/\",\"logo\":{\"@type\":\"ImageObject\",\"inLanguage\":\"en-GB\",\"@id\":\"https:\\\/\\\/stormheliworks.se\\\/#\\\/schema\\\/logo\\\/image\\\/\",\"url\":\"https:\\\/\\\/stormheliworks.se\\\/wp-content\\\/uploads\\\/2019\\\/10\\\/STORM-Heliworks-Black.png\",\"contentUrl\":\"https:\\\/\\\/stormheliworks.se\\\/wp-content\\\/uploads\\\/2019\\\/10\\\/STORM-Heliworks-Black.png\",\"width\":199,\"height\":46,\"caption\":\"STORM Heliworks AB\"},\"image\":{\"@id\":\"https:\\\/\\\/stormheliworks.se\\\/#\\\/schema\\\/logo\\\/image\\\/\"}}]}<\/script>\n<!-- \/ Yoast SEO plugin. -->","yoast_head_json":{"title":"Lake Victoria fr\u00e5n Tripoint - Storm Heliworks AB","description":"Lyft b\u00e5de din prestation och stil med Lake Victoria sportglas\u00f6gon. Upplev toppen av innovation f\u00f6r sportglas\u00f6gon med den modell, tillverkad f\u00f6r att utm\u00e4rka sig inom snabba sporter som mountainbike, landsv\u00e4gscykling och skid\u00e5kning. Lake Victoria f\u00f6renar s\u00f6ml\u00f6st funktion, mode och milj\u00f6.","robots":{"index":"index","follow":"follow","max-snippet":"max-snippet:-1","max-image-preview":"max-image-preview:large","max-video-preview":"max-video-preview:-1"},"canonical":"https:\/\/stormheliworks.se\/en\/product\/lake-victoria\/","og_locale":"en_GB","og_type":"article","og_title":"Lake Victoria fr\u00e5n Tripoint - Storm Heliworks AB","og_description":"Lyft b\u00e5de din prestation och stil med Lake Victoria sportglas\u00f6gon. Upplev toppen av innovation f\u00f6r sportglas\u00f6gon med den modell, tillverkad f\u00f6r att utm\u00e4rka sig inom snabba sporter som mountainbike, landsv\u00e4gscykling och skid\u00e5kning. Lake Victoria f\u00f6renar s\u00f6ml\u00f6st funktion, mode och milj\u00f6.","og_url":"https:\/\/stormheliworks.se\/en\/product\/lake-victoria\/","og_site_name":"Storm Heliworks AB","article_modified_time":"2025-06-03T20:22:58+00:00","og_image":[{"width":1667,"height":1667,"url":"https:\/\/stormheliworks.se\/wp-content\/uploads\/2024\/04\/Tripoint_lakevictoria_black.jpg","type":"image\/jpeg"}],"twitter_card":"summary_large_image","twitter_misc":{"Estimated reading time":"1 minute"},"schema":{"@context":"https:\/\/schema.org","@graph":[{"@type":"WebPage","@id":"https:\/\/stormheliworks.se\/produkt\/lake-victoria\/","url":"https:\/\/stormheliworks.se\/produkt\/lake-victoria\/","name":"Lake Victoria fr\u00e5n Tripoint - Storm Heliworks AB","isPartOf":{"@id":"https:\/\/stormheliworks.se\/#website"},"primaryImageOfPage":{"@id":"https:\/\/stormheliworks.se\/produkt\/lake-victoria\/#primaryimage"},"image":{"@id":"https:\/\/stormheliworks.se\/produkt\/lake-victoria\/#primaryimage"},"thumbnailUrl":"https:\/\/i0.wp.com\/stormheliworks.se\/wp-content\/uploads\/2024\/04\/Tripoint_lakevictoria_black.jpg?fit=1667%2C1667&ssl=1","datePublished":"2024-04-11T15:29:03+00:00","dateModified":"2025-06-03T20:22:58+00:00","description":"Lyft b\u00e5de din prestation och stil med Lake Victoria sportglas\u00f6gon. Upplev toppen av innovation f\u00f6r sportglas\u00f6gon med den modell, tillverkad f\u00f6r att utm\u00e4rka sig inom snabba sporter som mountainbike, landsv\u00e4gscykling och skid\u00e5kning. Lake Victoria f\u00f6renar s\u00f6ml\u00f6st funktion, mode och milj\u00f6.","breadcrumb":{"@id":"https:\/\/stormheliworks.se\/produkt\/lake-victoria\/#breadcrumb"},"inLanguage":"en-GB","potentialAction":[{"@type":"ReadAction","target":["https:\/\/stormheliworks.se\/produkt\/lake-victoria\/"]}]},{"@type":"ImageObject","inLanguage":"en-GB","@id":"https:\/\/stormheliworks.se\/produkt\/lake-victoria\/#primaryimage","url":"https:\/\/i0.wp.com\/stormheliworks.se\/wp-content\/uploads\/2024\/04\/Tripoint_lakevictoria_black.jpg?fit=1667%2C1667&ssl=1","contentUrl":"https:\/\/i0.wp.com\/stormheliworks.se\/wp-content\/uploads\/2024\/04\/Tripoint_lakevictoria_black.jpg?fit=1667%2C1667&ssl=1","width":1667,"height":1667},{"@type":"BreadcrumbList","@id":"https:\/\/stormheliworks.se\/produkt\/lake-victoria\/#breadcrumb","itemListElement":[{"@type":"ListItem","position":1,"name":"Hem","item":"https:\/\/stormheliworks.se\/"},{"@type":"ListItem","position":2,"name":"Produkter","item":"https:\/\/stormheliworks.se\/shop\/"},{"@type":"ListItem","position":3,"name":"Lake Victoria fr\u00e5n Tripoint"}]},{"@type":"WebSite","@id":"https:\/\/stormheliworks.se\/#website","url":"https:\/\/stormheliworks.se\/","name":"Storm Heliworks AB","description":"Service first, safety always","publisher":{"@id":"https:\/\/stormheliworks.se\/#organization"},"potentialAction":[{"@type":"SearchAction","target":{"@type":"EntryPoint","urlTemplate":"https:\/\/stormheliworks.se\/?s={search_term_string}"},"query-input":{"@type":"PropertyValueSpecification","valueRequired":true,"valueName":"search_term_string"}}],"inLanguage":"en-GB"},{"@type":"Organization","@id":"https:\/\/stormheliworks.se\/#organization","name":"STORM Heliworks AB","url":"https:\/\/stormheliworks.se\/","logo":{"@type":"ImageObject","inLanguage":"en-GB","@id":"https:\/\/stormheliworks.se\/#\/schema\/logo\/image\/","url":"https:\/\/stormheliworks.se\/wp-content\/uploads\/2019\/10\/STORM-Heliworks-Black.png","contentUrl":"https:\/\/stormheliworks.se\/wp-content\/uploads\/2019\/10\/STORM-Heliworks-Black.png","width":199,"height":46,"caption":"STORM Heliworks AB"},"image":{"@id":"https:\/\/stormheliworks.se\/#\/schema\/logo\/image\/"}}]}},"jetpack_sharing_enabled":true,"_links":{"self":[{"href":"https:\/\/stormheliworks.se\/en\/wp-json\/wp\/v2\/product\/6986","targetHints":{"allow":["GET"]}}],"collection":[{"href":"https:\/\/stormheliworks.se\/en\/wp-json\/wp\/v2\/product"}],"about":[{"href":"https:\/\/stormheliworks.se\/en\/wp-json\/wp\/v2\/types\/product"}],"wp:featuredmedia":[{"embeddable":true,"href":"https:\/\/stormheliworks.se\/en\/wp-json\/wp\/v2\/media\/7001"}],"wp:attachment":[{"href":"https:\/\/stormheliworks.se\/en\/wp-json\/wp\/v2\/media?parent=6986"}],"wp:term":[{"taxonomy":"product_brand","embeddable":true,"href":"https:\/\/stormheliworks.se\/en\/wp-json\/wp\/v2\/product_brand?post=6986"},{"taxonomy":"product_cat","embeddable":true,"href":"https:\/\/stormheliworks.se\/en\/wp-json\/wp\/v2\/product_cat?post=6986"},{"taxonomy":"product_tag","embeddable":true,"href":"https:\/\/stormheliworks.se\/en\/wp-json\/wp\/v2\/product_tag?post=6986"}],"curies":[{"name":"wp","href":"https:\/\/api.w.org\/{rel}","templated":true}]}}