{"id":6994,"date":"2024-04-11T17:49:17","date_gmt":"2024-04-11T15:49:17","guid":{"rendered":"https:\/\/stormheliworks.se\/?post_type=product&#038;p=6994"},"modified":"2024-04-17T16:33:21","modified_gmt":"2024-04-17T14:33:21","slug":"rajka","status":"publish","type":"product","link":"https:\/\/stormheliworks.se\/en\/product\/rajka\/","title":{"rendered":"Rajka fr\u00e5n Tripoint"},"content":{"rendered":"<p>Rajka \u00e4r ditt r\u00e4tta val av solglas\u00f6gon n\u00e4r du \u00e4r p\u00e5 spr\u00e5ng och inte vet hur dagen kommer att sluta. Rajka \u00e4r skapad f\u00f6r att passa n\u00e4stan alla situationer.<\/p>\n<p>Linsen i polykarbonat har h\u00f6g slagt\u00e5lighet och optisk kvalitet som garanterar klar och skarp sikt. Dess 100 % UV-skyddande lins blockerar alla skadliga ljusstr\u00e5lar, oavsett v\u00e4derf\u00f6rh\u00e5llanden. Graverad med STORM Heliworks logotyp.<\/p>\n<p>Levereras med f\u00f6rvaringsp\u00e5se och reng\u00f6ringsduk.<br \/>\nSvart lins, med svart b\u00e5ge<\/p>\n<p>Modellen uppfyller standarderna EN ISO 12312-1, AS\/NZS 1067 &amp; ANSI Z80.3 f\u00f6r solglas\u00f6gon.<\/p>","protected":false},"excerpt":{"rendered":"<p>Rajka \u00e4r ditt r\u00e4tta val av solglas\u00f6gon n\u00e4r du \u00e4r p\u00e5 spr\u00e5ng och inte vet hur dagen kommer att sluta. Rajka \u00e4r skapad f\u00f6r att passa n\u00e4stan alla situationer.<\/p>","protected":false},"featured_media":7002,"template":"","meta":{"_acf_changed":false},"product_brand":[],"product_cat":[66],"product_tag":[],"class_list":{"0":"post-6994","1":"product","2":"type-product","3":"status-publish","4":"has-post-thumbnail","6":"product_cat-glasogon","8":"first","9":"instock","10":"taxable","11":"shipping-taxable","12":"purchasable","13":"product-type-simple"},"acf":[],"yoast_head":"<!-- This site is optimized with the Yoast SEO plugin v27.3 - https:\/\/yoast.com\/product\/yoast-seo-wordpress\/ -->\n<title>Rajka fr\u00e5n Tripoint - Storm Heliworks AB<\/title>\n<meta name=\"description\" content=\"Rajka \u00e4r ditt r\u00e4tta val av solglas\u00f6gon n\u00e4r du \u00e4r p\u00e5 spr\u00e5ng och inte vet hur dagen kommer att sluta. Rajka \u00e4r skapad f\u00f6r att passa n\u00e4stan alla situationer.\" \/>\n<meta name=\"robots\" content=\"index, follow, max-snippet:-1, max-image-preview:large, max-video-preview:-1\" \/>\n<link rel=\"canonical\" href=\"https:\/\/stormheliworks.se\/en\/product\/rajka\/\" \/>\n<meta property=\"og:locale\" content=\"en_GB\" \/>\n<meta property=\"og:type\" content=\"article\" \/>\n<meta property=\"og:title\" content=\"Rajka fr\u00e5n Tripoint - Storm Heliworks AB\" \/>\n<meta property=\"og:description\" content=\"Rajka \u00e4r ditt r\u00e4tta val av solglas\u00f6gon n\u00e4r du \u00e4r p\u00e5 spr\u00e5ng och inte vet hur dagen kommer att sluta. Rajka \u00e4r skapad f\u00f6r att passa n\u00e4stan alla situationer.\" \/>\n<meta property=\"og:url\" content=\"https:\/\/stormheliworks.se\/en\/product\/rajka\/\" \/>\n<meta property=\"og:site_name\" content=\"Storm Heliworks AB\" \/>\n<meta property=\"article:modified_time\" content=\"2024-04-17T14:33:21+00:00\" \/>\n<meta property=\"og:image\" content=\"https:\/\/stormheliworks.se\/wp-content\/uploads\/2024\/04\/Tripoint_rajka_black.jpg\" \/>\n\t<meta property=\"og:image:width\" content=\"1667\" \/>\n\t<meta property=\"og:image:height\" content=\"1667\" \/>\n\t<meta property=\"og:image:type\" content=\"image\/jpeg\" \/>\n<meta name=\"twitter:card\" content=\"summary_large_image\" \/>\n<meta name=\"twitter:label1\" content=\"Estimated reading time\" \/>\n\t<meta name=\"twitter:data1\" content=\"1 minute\" \/>\n<script type=\"application\/ld+json\" class=\"yoast-schema-graph\">{\"@context\":\"https:\\\/\\\/schema.org\",\"@graph\":[{\"@type\":\"WebPage\",\"@id\":\"https:\\\/\\\/stormheliworks.se\\\/produkt\\\/rajka\\\/\",\"url\":\"https:\\\/\\\/stormheliworks.se\\\/produkt\\\/rajka\\\/\",\"name\":\"Rajka fr\u00e5n Tripoint - Storm Heliworks AB\",\"isPartOf\":{\"@id\":\"https:\\\/\\\/stormheliworks.se\\\/#website\"},\"primaryImageOfPage\":{\"@id\":\"https:\\\/\\\/stormheliworks.se\\\/produkt\\\/rajka\\\/#primaryimage\"},\"image\":{\"@id\":\"https:\\\/\\\/stormheliworks.se\\\/produkt\\\/rajka\\\/#primaryimage\"},\"thumbnailUrl\":\"https:\\\/\\\/i0.wp.com\\\/stormheliworks.se\\\/wp-content\\\/uploads\\\/2024\\\/04\\\/Tripoint_rajka_black.jpg?fit=1667%2C1667&ssl=1\",\"datePublished\":\"2024-04-11T15:49:17+00:00\",\"dateModified\":\"2024-04-17T14:33:21+00:00\",\"description\":\"Rajka \u00e4r ditt r\u00e4tta val av solglas\u00f6gon n\u00e4r du \u00e4r p\u00e5 spr\u00e5ng och inte vet hur dagen kommer att sluta. Rajka \u00e4r skapad f\u00f6r att passa n\u00e4stan alla situationer.\",\"breadcrumb\":{\"@id\":\"https:\\\/\\\/stormheliworks.se\\\/produkt\\\/rajka\\\/#breadcrumb\"},\"inLanguage\":\"en-GB\",\"potentialAction\":[{\"@type\":\"ReadAction\",\"target\":[\"https:\\\/\\\/stormheliworks.se\\\/produkt\\\/rajka\\\/\"]}]},{\"@type\":\"ImageObject\",\"inLanguage\":\"en-GB\",\"@id\":\"https:\\\/\\\/stormheliworks.se\\\/produkt\\\/rajka\\\/#primaryimage\",\"url\":\"https:\\\/\\\/i0.wp.com\\\/stormheliworks.se\\\/wp-content\\\/uploads\\\/2024\\\/04\\\/Tripoint_rajka_black.jpg?fit=1667%2C1667&ssl=1\",\"contentUrl\":\"https:\\\/\\\/i0.wp.com\\\/stormheliworks.se\\\/wp-content\\\/uploads\\\/2024\\\/04\\\/Tripoint_rajka_black.jpg?fit=1667%2C1667&ssl=1\",\"width\":1667,\"height\":1667},{\"@type\":\"BreadcrumbList\",\"@id\":\"https:\\\/\\\/stormheliworks.se\\\/produkt\\\/rajka\\\/#breadcrumb\",\"itemListElement\":[{\"@type\":\"ListItem\",\"position\":1,\"name\":\"Hem\",\"item\":\"https:\\\/\\\/stormheliworks.se\\\/\"},{\"@type\":\"ListItem\",\"position\":2,\"name\":\"Produkter\",\"item\":\"https:\\\/\\\/stormheliworks.se\\\/shop\\\/\"},{\"@type\":\"ListItem\",\"position\":3,\"name\":\"Rajka fr\u00e5n Tripoint\"}]},{\"@type\":\"WebSite\",\"@id\":\"https:\\\/\\\/stormheliworks.se\\\/#website\",\"url\":\"https:\\\/\\\/stormheliworks.se\\\/\",\"name\":\"Storm Heliworks AB\",\"description\":\"Service first, safety always\",\"publisher\":{\"@id\":\"https:\\\/\\\/stormheliworks.se\\\/#organization\"},\"potentialAction\":[{\"@type\":\"SearchAction\",\"target\":{\"@type\":\"EntryPoint\",\"urlTemplate\":\"https:\\\/\\\/stormheliworks.se\\\/?s={search_term_string}\"},\"query-input\":{\"@type\":\"PropertyValueSpecification\",\"valueRequired\":true,\"valueName\":\"search_term_string\"}}],\"inLanguage\":\"en-GB\"},{\"@type\":\"Organization\",\"@id\":\"https:\\\/\\\/stormheliworks.se\\\/#organization\",\"name\":\"STORM Heliworks AB\",\"url\":\"https:\\\/\\\/stormheliworks.se\\\/\",\"logo\":{\"@type\":\"ImageObject\",\"inLanguage\":\"en-GB\",\"@id\":\"https:\\\/\\\/stormheliworks.se\\\/#\\\/schema\\\/logo\\\/image\\\/\",\"url\":\"https:\\\/\\\/stormheliworks.se\\\/wp-content\\\/uploads\\\/2019\\\/10\\\/STORM-Heliworks-Black.png\",\"contentUrl\":\"https:\\\/\\\/stormheliworks.se\\\/wp-content\\\/uploads\\\/2019\\\/10\\\/STORM-Heliworks-Black.png\",\"width\":199,\"height\":46,\"caption\":\"STORM Heliworks AB\"},\"image\":{\"@id\":\"https:\\\/\\\/stormheliworks.se\\\/#\\\/schema\\\/logo\\\/image\\\/\"}}]}<\/script>\n<!-- \/ Yoast SEO plugin. -->","yoast_head_json":{"title":"Rajka fr\u00e5n Tripoint - Storm Heliworks AB","description":"Rajka \u00e4r ditt r\u00e4tta val av solglas\u00f6gon n\u00e4r du \u00e4r p\u00e5 spr\u00e5ng och inte vet hur dagen kommer att sluta. Rajka \u00e4r skapad f\u00f6r att passa n\u00e4stan alla situationer.","robots":{"index":"index","follow":"follow","max-snippet":"max-snippet:-1","max-image-preview":"max-image-preview:large","max-video-preview":"max-video-preview:-1"},"canonical":"https:\/\/stormheliworks.se\/en\/product\/rajka\/","og_locale":"en_GB","og_type":"article","og_title":"Rajka fr\u00e5n Tripoint - Storm Heliworks AB","og_description":"Rajka \u00e4r ditt r\u00e4tta val av solglas\u00f6gon n\u00e4r du \u00e4r p\u00e5 spr\u00e5ng och inte vet hur dagen kommer att sluta. Rajka \u00e4r skapad f\u00f6r att passa n\u00e4stan alla situationer.","og_url":"https:\/\/stormheliworks.se\/en\/product\/rajka\/","og_site_name":"Storm Heliworks AB","article_modified_time":"2024-04-17T14:33:21+00:00","og_image":[{"width":1667,"height":1667,"url":"https:\/\/stormheliworks.se\/wp-content\/uploads\/2024\/04\/Tripoint_rajka_black.jpg","type":"image\/jpeg"}],"twitter_card":"summary_large_image","twitter_misc":{"Estimated reading time":"1 minute"},"schema":{"@context":"https:\/\/schema.org","@graph":[{"@type":"WebPage","@id":"https:\/\/stormheliworks.se\/produkt\/rajka\/","url":"https:\/\/stormheliworks.se\/produkt\/rajka\/","name":"Rajka fr\u00e5n Tripoint - Storm Heliworks AB","isPartOf":{"@id":"https:\/\/stormheliworks.se\/#website"},"primaryImageOfPage":{"@id":"https:\/\/stormheliworks.se\/produkt\/rajka\/#primaryimage"},"image":{"@id":"https:\/\/stormheliworks.se\/produkt\/rajka\/#primaryimage"},"thumbnailUrl":"https:\/\/i0.wp.com\/stormheliworks.se\/wp-content\/uploads\/2024\/04\/Tripoint_rajka_black.jpg?fit=1667%2C1667&ssl=1","datePublished":"2024-04-11T15:49:17+00:00","dateModified":"2024-04-17T14:33:21+00:00","description":"Rajka \u00e4r ditt r\u00e4tta val av solglas\u00f6gon n\u00e4r du \u00e4r p\u00e5 spr\u00e5ng och inte vet hur dagen kommer att sluta. Rajka \u00e4r skapad f\u00f6r att passa n\u00e4stan alla situationer.","breadcrumb":{"@id":"https:\/\/stormheliworks.se\/produkt\/rajka\/#breadcrumb"},"inLanguage":"en-GB","potentialAction":[{"@type":"ReadAction","target":["https:\/\/stormheliworks.se\/produkt\/rajka\/"]}]},{"@type":"ImageObject","inLanguage":"en-GB","@id":"https:\/\/stormheliworks.se\/produkt\/rajka\/#primaryimage","url":"https:\/\/i0.wp.com\/stormheliworks.se\/wp-content\/uploads\/2024\/04\/Tripoint_rajka_black.jpg?fit=1667%2C1667&ssl=1","contentUrl":"https:\/\/i0.wp.com\/stormheliworks.se\/wp-content\/uploads\/2024\/04\/Tripoint_rajka_black.jpg?fit=1667%2C1667&ssl=1","width":1667,"height":1667},{"@type":"BreadcrumbList","@id":"https:\/\/stormheliworks.se\/produkt\/rajka\/#breadcrumb","itemListElement":[{"@type":"ListItem","position":1,"name":"Hem","item":"https:\/\/stormheliworks.se\/"},{"@type":"ListItem","position":2,"name":"Produkter","item":"https:\/\/stormheliworks.se\/shop\/"},{"@type":"ListItem","position":3,"name":"Rajka fr\u00e5n Tripoint"}]},{"@type":"WebSite","@id":"https:\/\/stormheliworks.se\/#website","url":"https:\/\/stormheliworks.se\/","name":"Storm Heliworks AB","description":"Service first, safety always","publisher":{"@id":"https:\/\/stormheliworks.se\/#organization"},"potentialAction":[{"@type":"SearchAction","target":{"@type":"EntryPoint","urlTemplate":"https:\/\/stormheliworks.se\/?s={search_term_string}"},"query-input":{"@type":"PropertyValueSpecification","valueRequired":true,"valueName":"search_term_string"}}],"inLanguage":"en-GB"},{"@type":"Organization","@id":"https:\/\/stormheliworks.se\/#organization","name":"STORM Heliworks AB","url":"https:\/\/stormheliworks.se\/","logo":{"@type":"ImageObject","inLanguage":"en-GB","@id":"https:\/\/stormheliworks.se\/#\/schema\/logo\/image\/","url":"https:\/\/stormheliworks.se\/wp-content\/uploads\/2019\/10\/STORM-Heliworks-Black.png","contentUrl":"https:\/\/stormheliworks.se\/wp-content\/uploads\/2019\/10\/STORM-Heliworks-Black.png","width":199,"height":46,"caption":"STORM Heliworks AB"},"image":{"@id":"https:\/\/stormheliworks.se\/#\/schema\/logo\/image\/"}}]}},"jetpack_sharing_enabled":true,"_links":{"self":[{"href":"https:\/\/stormheliworks.se\/en\/wp-json\/wp\/v2\/product\/6994","targetHints":{"allow":["GET"]}}],"collection":[{"href":"https:\/\/stormheliworks.se\/en\/wp-json\/wp\/v2\/product"}],"about":[{"href":"https:\/\/stormheliworks.se\/en\/wp-json\/wp\/v2\/types\/product"}],"wp:featuredmedia":[{"embeddable":true,"href":"https:\/\/stormheliworks.se\/en\/wp-json\/wp\/v2\/media\/7002"}],"wp:attachment":[{"href":"https:\/\/stormheliworks.se\/en\/wp-json\/wp\/v2\/media?parent=6994"}],"wp:term":[{"taxonomy":"product_brand","embeddable":true,"href":"https:\/\/stormheliworks.se\/en\/wp-json\/wp\/v2\/product_brand?post=6994"},{"taxonomy":"product_cat","embeddable":true,"href":"https:\/\/stormheliworks.se\/en\/wp-json\/wp\/v2\/product_cat?post=6994"},{"taxonomy":"product_tag","embeddable":true,"href":"https:\/\/stormheliworks.se\/en\/wp-json\/wp\/v2\/product_tag?post=6994"}],"curies":[{"name":"wp","href":"https:\/\/api.w.org\/{rel}","templated":true}]}}